{"id":10862,"date":"2023-09-13T21:08:31","date_gmt":"2023-09-13T21:08:31","guid":{"rendered":"https:\/\/feisphaislig.com\/cluicheamaid-copy\/"},"modified":"2025-02-28T21:57:53","modified_gmt":"2025-02-28T21:57:53","slug":"renfrewshire-collection","status":"publish","type":"page","link":"https:\/\/feisphaislig.com\/gd\/renfrewshire-collection\/","title":{"rendered":"The Renfrewshire Collection"},"content":{"rendered":"<p><\/p>\n<!--themify_builder_content-->\n<div id=\"themify_builder_content-10862\" data-postid=\"10862\" class=\"themify_builder_content themify_builder_content-10862 themify_builder tf_clear\">\n                    <div  data-lazy=\"1\" class=\"module_row themify_builder_row tb_y8pp013 tb_first tf_w\">\n                        <div class=\"row_inner col_align_top tb_col_count_1 tf_box tf_rel\">\n                        <div  data-lazy=\"1\" class=\"module_column tb-column col-full tb_uxpc051 first\">\n                    <!-- module text -->\n<div  class=\"module module-text tb_ctn0113   \" data-lazy=\"1\">\n        <div  class=\"tb_text_wrap\">\n        <h1 style=\"text-align: left;\"><strong>The Renfrewshire Collection<\/strong><\/h1>\n<h3><b>A collection of tunes by Renfrewshire-based composers and songs about the area.<\/b><\/h3>    <\/div>\n<\/div>\n<!-- \/module text -->        <\/div>\n                        <\/div>\n        <\/div>\n                        <div  data-lazy=\"1\" class=\"module_row themify_builder_row tb_pp4p303 tf_w\">\n                        <div class=\"row_inner col_align_top tb_col_count_1 tf_box tf_rel\">\n                        <div  data-lazy=\"1\" class=\"module_column tb-column col-full tb_h1jw031 first\">\n                    <!-- module text -->\n<div  class=\"module module-text tb_xz28497   \" data-lazy=\"1\">\n        <div  class=\"tb_text_wrap\">\n        <div class='w3eden'><!-- WPDM Link Template: Default Template -->\n\n<div class=\"link-template-default card mb-2\">\n    <div class=\"card-body\">\n        <div class=\"media\">\n            <div class=\"mr-3 img-48\"><img decoding=\"async\" class=\"wpdm_icon\" alt=\"Icon\" src=\"https:\/\/feisphaislig.com\/wp-content\/plugins\/download-manager\/assets\/file-type-icons\/pdf.svg\" \/><\/div>\n            <div class=\"media-body\">\n                <h3 class=\"package-title\"><a href='https:\/\/feisphaislig.com\/gd\/download\/cruinneachadh-siorrachd-rinn-friu-the-renfrewshire-collection-2023\/'>Cruinneachadh Siorrachd Rinn Fri\u00f9 (The Renfrewshire Collection) 2023<\/a><\/h3>\n                <div class=\"text-muted text-small\"><i class=\"fas fa-copy\"><\/i> 1 file(s) <i class=\"fas fa-hdd ml-3\"><\/i> 10.72 MB<\/div>\n            <\/div>\n            <div class=\"ml-3\">\n                <a class='wpdm-download-link download-on-click btn btn-primary ' rel='nofollow' href='#' data-downloadurl=\"https:\/\/feisphaislig.com\/gd\/download\/cruinneachadh-siorrachd-rinn-friu-the-renfrewshire-collection-2023\/?wpdmdl=10879&refresh=69cffc14c12541775238164\">Download<\/a>\n            <\/div>\n        <\/div>\n    <\/div>\n<\/div>\n\n<\/div>    <\/div>\n<\/div>\n<!-- \/module text -->        <\/div>\n                        <\/div>\n        <\/div>\n                        <div  data-lazy=\"1\" class=\"module_row themify_builder_row tb_5tky62 tf_w\">\n                        <div class=\"row_inner col_align_top tb_col_count_2 tf_box tf_rel\">\n                        <div  data-lazy=\"1\" class=\"module_column tb-column col3-1 tb_56zi62 first\">\n                    <!-- module image -->\n<div  class=\"module module-image tb_acst98 image-top bordered  auto_fullwidth tf_mw\" data-lazy=\"1\">\n        <div class=\"image-wrap tf_rel tf_mw\">\n            <img loading=\"lazy\" decoding=\"async\" width=\"2478\" height=\"3509\" src=\"https:\/\/feisphaislig.com\/wp-content\/uploads\/2023\/09\/page-1.png\" class=\"wp-post-image wp-image-10873\" title=\"page 1\" alt=\"page 1\" srcset=\"https:\/\/feisphaislig.com\/wp-content\/uploads\/2023\/09\/page-1.png 2478w, https:\/\/feisphaislig.com\/wp-content\/uploads\/2023\/09\/page-1-212x300.png 212w, https:\/\/feisphaislig.com\/wp-content\/uploads\/2023\/09\/page-1-353x500.png 353w\" sizes=\"auto, (max-width: 2478px) 100vw, 2478px\" \/>    \n        <\/div>\n    <!-- \/image-wrap -->\n    \n        <\/div>\n<!-- \/module image -->        <\/div>\n                    <div  data-lazy=\"1\" class=\"module_column tb-column col3-2 tb_38eh472 last\">\n                    <!-- module text -->\n<div  class=\"module module-text tb_m6gb62   \" data-lazy=\"1\">\n        <div  class=\"tb_text_wrap\">\n        <div title=\"Page 3\">\n<div>\n<div>\n<div>\n<p>The Renfrewshire Collection features tunes composed by Renfrewshire-based musicians alongside songs written about the area. This resource highlights some of the many traditional musicians and artists based in Renfrewshire and is a snapshot of an ever-growing traditional music scene here.&nbsp;<\/p>\n<p>Collated by multi-instrumentalist, Ron Jappy, there is a selection of different traditional tune types in this resource. It has been split in to sections by tune type and covers a wide range of ability levels. Many of the tunes include suggested chords by the composers however these are meant only as a guide so feel free to get creative.<\/p>\n<p>F\u00e8is Ph\u00e0islig would like to thank F\u00e8isean nan G\u00e0idheal and Creative Scotland for making this project possible through their Tre\u00f2ir Musician-in-Residence programme. We hope you enjoy discovering many of the brilliant tunes by local artists.<\/p>\n<\/div>\n<\/div>\n<\/div>\n<\/div>    <\/div>\n<\/div>\n<!-- \/module text -->        <\/div>\n                        <\/div>\n        <\/div>\n                        <div  data-css_id=\"dwuk560\" data-lazy=\"1\" class=\"module_row themify_builder_row fullwidth_row_container tb_dwuk560 tf_w\">\n                        <div class=\"row_inner col_align_middle tb_col_count_2 tf_box tf_rel\">\n                        <div  data-lazy=\"1\" class=\"module_column tb-column col4-2 tb_0cgc560 first\">\n                    <!-- module image -->\n<div  class=\"module module-image tb_2kzh560 image-top   tf_mw hide-mobile\" data-lazy=\"1\">\n        <div class=\"image-wrap tf_rel tf_mw\">\n            <img loading=\"lazy\" decoding=\"async\" width=\"355\" height=\"789\" src=\"https:\/\/feisphaislig.com\/wp-content\/uploads\/2025\/02\/Treble-1.png\" class=\"wp-post-image wp-image-12693\" title=\"Treble\" alt=\"Treble\" srcset=\"https:\/\/feisphaislig.com\/wp-content\/uploads\/2025\/02\/Treble-1.png 355w, https:\/\/feisphaislig.com\/wp-content\/uploads\/2025\/02\/Treble-1-135x300.png 135w\" sizes=\"auto, (max-width: 355px) 100vw, 355px\" \/>    \n        <\/div>\n    <!-- \/image-wrap -->\n    \n        <\/div>\n<!-- \/module image -->        <\/div>\n                    <div  data-lazy=\"1\" class=\"module_column tb-column col4-2 tb_71al560 last\">\n                    <!-- module text -->\n<div  class=\"module module-text tb_8guf560   \" data-lazy=\"1\">\n        <div  class=\"tb_text_wrap\">\n        <h3><strong>Join Our Community<\/strong><\/h3>    <\/div>\n<\/div>\n<!-- \/module text --><!-- module text -->\n<div  class=\"module module-text tb_ch10560   \" data-lazy=\"1\">\n        <div  class=\"tb_text_wrap\">\n        <p>Want to be part of our community? <a href=\"https:\/\/feisphaislig.com\/contact\/\">Get in touch<\/a> to find out more about our projects, sign up for our <a href=\"https:\/\/feisphaislig.us10.list-manage.com\/subscribe?u=279bc01d988c8a72b8ac6f203&amp;id=98166c58b3&amp;utm_content=buffer3ac7e&amp;utm_medium=social&amp;utm_source=facebook.com&amp;utm_campaign=buffer\">newsletter<\/a>, or follow us on <a href=\"https:\/\/www.instagram.com\/feisphaislig\">social media<\/a> to stay updated!<\/p>    <\/div>\n<\/div>\n<!-- \/module text --><!-- module widget -->\n<div  class=\"module module-widget tb_4yp2560  \" data-lazy=\"1\">\n    <div class=\"widget themify-social-links\"><ul class=\"social-links horizontal\">\n                        <li class=\"social-link-item facebook font-icon icon-medium\">\n                            <a href=\"https:\/\/www.facebook.com\/feisphaislig\" aria-label=\"facebook\" target=\"_blank\" rel=\"noopener\"><em><svg  aria-label=\"Facebook\" class=\"tf_fa tf-ti-facebook\" xmlns:xlink=\"http:\/\/www.w3.org\/1999\/xlink\" role=\"img\"><use href=\"#tf-ti-facebook\" xlink:href=\"#tf-ti-facebook\"><\/use><\/svg><\/em>  <\/a>\n                        <\/li>\n                        <!-- \/themify-link-item -->\n                        <li class=\"social-link-item instagram font-icon icon-medium\">\n                            <a href=\"https:\/\/www.instagram.com\/feisphaislig\/\" aria-label=\"instagram\" target=\"_blank\" rel=\"noopener\"><em><svg  aria-label=\"Instagram\" class=\"tf_fa tf-fab-instagram\" xmlns:xlink=\"http:\/\/www.w3.org\/1999\/xlink\" role=\"img\"><use href=\"#tf-fab-instagram\" xlink:href=\"#tf-fab-instagram\"><\/use><\/svg><\/em>  <\/a>\n                        <\/li>\n                        <!-- \/themify-link-item -->\n                        <li class=\"social-link-item x font-icon icon-medium\">\n                            <a href=\"https:\/\/x.com\/feisphaislig\" aria-label=\"x\" target=\"_blank\" rel=\"noopener\"><em><svg  aria-label=\"X\" class=\"tf_fa tf-fab-x-twitter\" xmlns:xlink=\"http:\/\/www.w3.org\/1999\/xlink\" role=\"img\"><use href=\"#tf-fab-x-twitter\" xlink:href=\"#tf-fab-x-twitter\"><\/use><\/svg><\/em>  <\/a>\n                        <\/li>\n                        <!-- \/themify-link-item -->\n                        <li class=\"social-link-item youtube font-icon icon-medium\">\n                            <a href=\"https:\/\/www.youtube.com\/channel\/UChUB6zbAqhn7_of9YN8tvSg\" aria-label=\"youtube\" target=\"_blank\" rel=\"noopener\"><em><svg  aria-label=\"Youtube\" class=\"tf_fa tf-ti-youtube\" xmlns:xlink=\"http:\/\/www.w3.org\/1999\/xlink\" role=\"img\"><use href=\"#tf-ti-youtube\" xlink:href=\"#tf-ti-youtube\"><\/use><\/svg><\/em>  <\/a>\n                        <\/li>\n                        <!-- \/themify-link-item -->\n                        <li class=\"social-link-item email font-icon icon-medium\">\n                            <a href=\"mailto:info@feisphaislig.com\" aria-label=\"email\" target=\"_blank\" rel=\"noopener\"><em><svg  aria-label=\"Email\" class=\"tf_fa tf-fas-envelope\" xmlns:xlink=\"http:\/\/www.w3.org\/1999\/xlink\" role=\"img\"><use href=\"#tf-fas-envelope\" xlink:href=\"#tf-fas-envelope\"><\/use><\/svg><\/em>  <\/a>\n                        <\/li>\n                        <!-- \/themify-link-item -->\n                        <li class=\"social-link-item bandcamp font-icon icon-medium\">\n                            <a href=\"https:\/\/feisphaislig.bandcamp.com\" aria-label=\"bandcamp\" target=\"_blank\" rel=\"noopener\"><em><svg  aria-label=\"Bandcamp\" class=\"tf_fa tf-fas-music\" xmlns:xlink=\"http:\/\/www.w3.org\/1999\/xlink\" role=\"img\"><use href=\"#tf-fas-music\" xlink:href=\"#tf-fas-music\"><\/use><\/svg><\/em>  <\/a>\n                        <\/li>\n                        <!-- \/themify-link-item --><\/ul><\/div><\/div>\n<!-- \/module widget -->\n        <\/div>\n                        <\/div>\n        <\/div>\n        <\/div>\n<!--\/themify_builder_content-->","protected":false},"excerpt":{"rendered":"","protected":false},"author":1,"featured_media":0,"parent":0,"menu_order":0,"comment_status":"closed","ping_status":"closed","template":"","meta":{"footnotes":""},"class_list":["post-10862","page","type-page","status-publish","hentry","has-post-title","has-post-date","has-post-category","has-post-tag","has-post-comment","has-post-author",""],"aioseo_notices":[],"builder_content":"<h1 style=\"text-align: left;\"><strong>The Renfrewshire Collection<\/strong><\/h1> <h3><b>A collection of tunes by Renfrewshire-based composers and songs about the area.<\/b><\/h3>\n<p>[wpdm_package id='10879']<\/p>\n<img src=\"https:\/\/feisphaislig.com\/wp-content\/uploads\/2023\/09\/page-1.png\" title=\"page 1\" alt=\"page 1\" srcset=\"https:\/\/feisphaislig.com\/wp-content\/uploads\/2023\/09\/page-1.png 2478w, https:\/\/feisphaislig.com\/wp-content\/uploads\/2023\/09\/page-1-212x300.png 212w, https:\/\/feisphaislig.com\/wp-content\/uploads\/2023\/09\/page-1-353x500.png 353w\" sizes=\"(max-width: 2478px) 100vw, 2478px\" \/>\n<p>The Renfrewshire Collection features tunes composed by Renfrewshire-based musicians alongside songs written about the area. This resource highlights some of the many traditional musicians and artists based in Renfrewshire and is a snapshot of an ever-growing traditional music scene here.&nbsp;<\/p> <p>Collated by multi-instrumentalist, Ron Jappy, there is a selection of different traditional tune types in this resource. It has been split in to sections by tune type and covers a wide range of ability levels. Many of the tunes include suggested chords by the composers however these are meant only as a guide so feel free to get creative.<\/p> <p>F\u00e8is Ph\u00e0islig would like to thank F\u00e8isean nan G\u00e0idheal and Creative Scotland for making this project possible through their Tre\u00f2ir Musician-in-Residence programme. We hope you enjoy discovering many of the brilliant tunes by local artists.<\/p>\n<img src=\"https:\/\/feisphaislig.com\/wp-content\/uploads\/2025\/02\/Treble-1.png\" title=\"Treble\" alt=\"Treble\" srcset=\"https:\/\/feisphaislig.com\/wp-content\/uploads\/2025\/02\/Treble-1.png 355w, https:\/\/feisphaislig.com\/wp-content\/uploads\/2025\/02\/Treble-1-135x300.png 135w\" sizes=\"(max-width: 355px) 100vw, 355px\" \/>\n<h3><strong>Join Our Community<\/strong><\/h3>\n<p>Want to be part of our community? <a href=\"https:\/\/feisphaislig.com\/contact\/\">Get in touch<\/a> to find out more about our projects, sign up for our <a href=\"https:\/\/feisphaislig.us10.list-manage.com\/subscribe?u=279bc01d988c8a72b8ac6f203&amp;id=98166c58b3&amp;utm_content=buffer3ac7e&amp;utm_medium=social&amp;utm_source=facebook.com&amp;utm_campaign=buffer\">newsletter<\/a>, or follow us on <a href=\"https:\/\/www.instagram.com\/feisphaislig\">social media<\/a> to stay updated!<\/p>\n<ul><li><a href=\"https:\/\/www.facebook.com\/feisphaislig\">Facebook<\/a><\/li><li><a href=\"https:\/\/www.instagram.com\/feisphaislig\/\">Instagram<\/a><\/li><li><a href=\"https:\/\/x.com\/feisphaislig\">X<\/a><\/li><li><a href=\"https:\/\/www.youtube.com\/channel\/UChUB6zbAqhn7_of9YN8tvSg\">Youtube<\/a><\/li><li><a href=\"mailto:info@feisphaislig.com\">Email<\/a><\/li><li><a href=\"https:\/\/feisphaislig.bandcamp.com\">Bandcamp<\/a><\/li><\/ul>","_links":{"self":[{"href":"https:\/\/feisphaislig.com\/gd\/wp-json\/wp\/v2\/pages\/10862","targetHints":{"allow":["GET"]}}],"collection":[{"href":"https:\/\/feisphaislig.com\/gd\/wp-json\/wp\/v2\/pages"}],"about":[{"href":"https:\/\/feisphaislig.com\/gd\/wp-json\/wp\/v2\/types\/page"}],"author":[{"embeddable":true,"href":"https:\/\/feisphaislig.com\/gd\/wp-json\/wp\/v2\/users\/1"}],"replies":[{"embeddable":true,"href":"https:\/\/feisphaislig.com\/gd\/wp-json\/wp\/v2\/comments?post=10862"}],"version-history":[{"count":4,"href":"https:\/\/feisphaislig.com\/gd\/wp-json\/wp\/v2\/pages\/10862\/revisions"}],"predecessor-version":[{"id":12976,"href":"https:\/\/feisphaislig.com\/gd\/wp-json\/wp\/v2\/pages\/10862\/revisions\/12976"}],"wp:attachment":[{"href":"https:\/\/feisphaislig.com\/gd\/wp-json\/wp\/v2\/media?parent=10862"}],"curies":[{"name":"wp","href":"https:\/\/api.w.org\/{rel}","templated":true}]}}