{"id":13680,"date":"2015-09-01T02:17:04","date_gmt":"2015-09-01T02:17:04","guid":{"rendered":"https:\/\/feisphaislig.com\/gabh-pairt\/"},"modified":"2025-05-16T12:48:13","modified_gmt":"2025-05-16T12:48:13","slug":"gabh-pairt","status":"publish","type":"page","link":"https:\/\/feisphaislig.com\/gd\/gabh-pairt\/","title":{"rendered":"Gabh P\u00e0irt"},"content":{"rendered":"<!--themify_builder_content-->\n<div id=\"themify_builder_content-13680\" data-postid=\"13680\" class=\"themify_builder_content themify_builder_content-13680 themify_builder tf_clear\">\n                    <div  data-lazy=\"1\" class=\"module_row themify_builder_row tb_gu2f603 tb_first tf_w\">\n                        <div class=\"row_inner col_align_top tb_col_count_1 tf_box tf_rel\">\n                        <div  data-lazy=\"1\" class=\"module_column tb-column col-full  tb_2pzr300 first\">\n                    <!-- module text -->\n<div  class=\"module module-text tb_nv04666   \" data-lazy=\"1\">\n        <div  class=\"tb_text_wrap\">\n        <h2>Gabh P\u00e0irt<\/h2>    <\/div>\n<\/div>\n<!-- \/module text --><!-- module text -->\n<div  class=\"module module-text tb_dgv8360   \" data-lazy=\"1\">\n        <div  class=\"tb_text_wrap\">\n        <p>Anns na bliadhnaichean mu dheireadh, tha P\u00e0islig air a thighinn gu bhith na mheadhan airson nan ealan ann an Alba, a\u2019 gabhail a-steach Am M\u00f2d N\u00e0iseanta R\u00ecoghail 2013 agus F\u00e8is The Spree. An-diugh, tha barrachd chothroman na bha riamh ann gus ealan traidiseanta is ce\u00f2l fhaighinn a-steach dhan choimhearsnachd. Leugh air adhart gus faighinn a-mach barrachd&#8230;  <\/p>    <\/div>\n<\/div>\n<!-- \/module text -->        <\/div>\n                        <\/div>\n        <\/div>\n                        <div  data-lazy=\"1\" class=\"module_row themify_builder_row tb_2bx5036 tf_w\">\n                        <div class=\"row_inner col_align_top tb_col_count_1 tf_box tf_rel\">\n                        <div  data-lazy=\"1\" class=\"module_column tb-column col-full  tb_dj0s030 first\">\n                    <!-- module text -->\n<div  class=\"module module-text tb_q12t300   \" data-lazy=\"1\">\n        <div  class=\"tb_text_wrap\">\n        <h3><a title=\"Tachartasan\" href=\"https:\/\/feisphaislig.com\/events\/\">Tachartasan<\/a><\/h3><p style=\"text-align: justify\">Bho ar seachdain F\u00e8is fh\u00e8in gu aon de na f\u00e8isean ci\u00f9il d\u00f9thchasach as ainmeile san t-saoghal, Celtic Connections \u2013 tha gu le\u00f2r thachartasan san sg\u00ecre ionadail far am faigh thu fh\u00e8in an s\u00e0s. Thoir s\u00f9il air an duilleag <a title=\"Tachartasan\" href=\"https:\/\/feisphaislig.com\/events\/\">tachartasan<\/a> againn airson barrachd fiosrachaidh mu chlubaichean-ci\u00f9il d\u00f9thchasach ionadail, f\u00e8isean is barrachd. <\/p>    <\/div>\n<\/div>\n<!-- \/module text -->        <\/div>\n                        <\/div>\n        <\/div>\n                        <div  data-lazy=\"1\" class=\"module_row themify_builder_row tb_npns666 tf_w\">\n                        <div class=\"row_inner col_align_top tb_col_count_1 tf_box tf_rel\">\n                        <div  data-lazy=\"1\" class=\"module_column tb-column col-full  tb_hvav033 first\">\n                            <div  data-lazy=\"1\" class=\"module_subrow themify_builder_sub_row tf_w col_align_top tb_col_count_2 tb_haf3609\">\n                <div  data-lazy=\"1\" class=\"module_column sub_column col3-2  tb_kv70370 first\">\n                    <!-- module text -->\n<div  class=\"module module-text tb_dqqf030   \" data-lazy=\"1\">\n        <div  class=\"tb_text_wrap\">\n        <h3><a title=\"Oideachadh &amp; Buidhnean Ionadail\" href=\"https:\/\/feisphaislig.com\/tuition-local-groups\/\">Oideachadh &amp; Buidhnean Ionadail<\/a><\/h3><p style=\"text-align: justify\">Co-dhi\u00f9 \u2019s e neach-t\u00f2iseachaidh a th\u2019 annad no gu bheil thu a\u2019 faighinn gr\u00e8im a-rithist air sgil a bh\u2019 agad roimhe, \u2019s e d\u00f2igh thlachdmhor a th\u2019 ann ionnsachadh mar a chluicheas tu ionnstramaid gus ce\u00f2l traidiseanta a thoirt a-steach nad bheatha. Tha m\u00f2ran oidean san sg\u00ecre a tha a\u2019 tabhann leasanan fa-leth is ann am buidhnean, agus cothroman tron Iomairt Ci\u00f9il \u00d2igridh do chlann. Thoir s\u00f9il air an duilleag <a title=\"Oideachadh &amp; Buidhnean Ionadail\" href=\"https:\/\/feisphaislig.com\/tuition-local-groups\/\">oideachaidh &amp; bhuidhnean ionadail <\/a>ionadail againn airson barrachd fiosrachaidh mu mar a th\u00f2isicheas tu.  <\/p>    <\/div>\n<\/div>\n<!-- \/module text -->        <\/div>\n                    <div  data-lazy=\"1\" class=\"module_column sub_column col3-1  tb_i24p123 last\">\n                    <!-- module image -->\n<div  class=\"module module-image tb_0b0q770 image-top bordered  tf_mw\" data-lazy=\"1\">\n        <div class=\"image-wrap tf_rel tf_mw\">\n            <a href=\"https:\/\/feisphaislig.com\/tuition-local-groups\">\n                   <img loading=\"lazy\" decoding=\"async\" width=\"1000\" height=\"1000\" src=\"https:\/\/feisphaislig.com\/wp-content\/uploads\/2017\/03\/Mic.jpg\" class=\"wp-post-image wp-image-13681\" title=\"Mic\" alt=\"Mic\" srcset=\"https:\/\/feisphaislig.com\/wp-content\/uploads\/2017\/03\/Mic.jpg 1000w, https:\/\/feisphaislig.com\/wp-content\/uploads\/2017\/03\/Mic-300x300.jpg 300w, https:\/\/feisphaislig.com\/wp-content\/uploads\/2017\/03\/Mic-100x100.jpg 100w, https:\/\/feisphaislig.com\/wp-content\/uploads\/2017\/03\/Mic-600x600.jpg 600w, https:\/\/feisphaislig.com\/wp-content\/uploads\/2017\/03\/Mic-150x150.jpg 150w, https:\/\/feisphaislig.com\/wp-content\/uploads\/2017\/03\/Mic-768x768.jpg 768w\" sizes=\"auto, (max-width: 1000px) 100vw, 1000px\" \/>        <\/a>\n    \n        <\/div>\n    <!-- \/image-wrap -->\n    \n        <\/div>\n<!-- \/module image -->        <\/div>\n                    <\/div>\n                <\/div>\n                        <\/div>\n        <\/div>\n        <\/div>\n<!--\/themify_builder_content-->","protected":false},"excerpt":{"rendered":"<p>Gabh P\u00e0irt Anns na bliadhnaichean mu dheireadh, tha P\u00e0islig air a thighinn gu bhith na mheadhan airson nan ealan ann an Alba, a\u2019 gabhail a-steach Am M\u00f2d N\u00e0iseanta R\u00ecoghail 2013 agus F\u00e8is The Spree. An-diugh, tha barrachd chothroman na bha riamh ann gus ealan traidiseanta is ce\u00f2l fhaighinn a-steach dhan choimhearsnachd. Leugh air adhart gus [&hellip;]<\/p>\n","protected":false},"author":1,"featured_media":0,"parent":0,"menu_order":0,"comment_status":"closed","ping_status":"closed","template":"","meta":{"footnotes":""},"class_list":["post-13680","page","type-page","status-publish","hentry","has-post-title","has-post-date","has-post-category","has-post-tag","has-post-comment","has-post-author",""],"aioseo_notices":[],"builder_content":"<h2>Gabh P\u00e0irt<\/h2>\n<p>Anns na bliadhnaichean mu dheireadh, tha P\u00e0islig air a thighinn gu bhith na mheadhan airson nan ealan ann an Alba, a\u2019 gabhail a-steach Am M\u00f2d N\u00e0iseanta R\u00ecoghail 2013 agus F\u00e8is The Spree. An-diugh, tha barrachd chothroman na bha riamh ann gus ealan traidiseanta is ce\u00f2l fhaighinn a-steach dhan choimhearsnachd. Leugh air adhart gus faighinn a-mach barrachd... <\/p>\n<h3><a title=\"Tachartasan\" href=\"https:\/\/feisphaislig.com\/events\/\">Tachartasan<\/a><\/h3><p style=\"text-align: justify\">Bho ar seachdain F\u00e8is fh\u00e8in gu aon de na f\u00e8isean ci\u00f9il d\u00f9thchasach as ainmeile san t-saoghal, Celtic Connections \u2013 tha gu le\u00f2r thachartasan san sg\u00ecre ionadail far am faigh thu fh\u00e8in an s\u00e0s. Thoir s\u00f9il air an duilleag <a title=\"Tachartasan\" href=\"https:\/\/feisphaislig.com\/events\/\">tachartasan<\/a> againn airson barrachd fiosrachaidh mu chlubaichean-ci\u00f9il d\u00f9thchasach ionadail, f\u00e8isean is barrachd. <\/p>\n<h3><a title=\"Oideachadh &amp; Buidhnean Ionadail\" href=\"https:\/\/feisphaislig.com\/tuition-local-groups\/\">Oideachadh &amp; Buidhnean Ionadail<\/a><\/h3><p style=\"text-align: justify\">Co-dhi\u00f9 \u2019s e neach-t\u00f2iseachaidh a th\u2019 annad no gu bheil thu a\u2019 faighinn gr\u00e8im a-rithist air sgil a bh\u2019 agad roimhe, \u2019s e d\u00f2igh thlachdmhor a th\u2019 ann ionnsachadh mar a chluicheas tu ionnstramaid gus ce\u00f2l traidiseanta a thoirt a-steach nad bheatha. Tha m\u00f2ran oidean san sg\u00ecre a tha a\u2019 tabhann leasanan fa-leth is ann am buidhnean, agus cothroman tron Iomairt Ci\u00f9il \u00d2igridh do chlann. Thoir s\u00f9il air an duilleag <a title=\"Oideachadh &amp; Buidhnean Ionadail\" href=\"https:\/\/feisphaislig.com\/tuition-local-groups\/\">oideachaidh &amp; bhuidhnean ionadail <\/a>ionadail againn airson barrachd fiosrachaidh mu mar a th\u00f2isicheas tu. <\/p>\n<a href=\"https:\/\/feisphaislig.com\/tuition-local-groups\"> <img src=\"https:\/\/feisphaislig.com\/wp-content\/uploads\/2017\/03\/Mic.jpg\" title=\"Mic\" alt=\"Mic\" srcset=\"https:\/\/feisphaislig.com\/wp-content\/uploads\/2017\/03\/Mic.jpg 1000w, https:\/\/feisphaislig.com\/wp-content\/uploads\/2017\/03\/Mic-300x300.jpg 300w, https:\/\/feisphaislig.com\/wp-content\/uploads\/2017\/03\/Mic-100x100.jpg 100w, https:\/\/feisphaislig.com\/wp-content\/uploads\/2017\/03\/Mic-600x600.jpg 600w, https:\/\/feisphaislig.com\/wp-content\/uploads\/2017\/03\/Mic-150x150.jpg 150w, https:\/\/feisphaislig.com\/wp-content\/uploads\/2017\/03\/Mic-768x768.jpg 768w\" sizes=\"(max-width: 1000px) 100vw, 1000px\" \/> <\/a>","_links":{"self":[{"href":"https:\/\/feisphaislig.com\/gd\/wp-json\/wp\/v2\/pages\/13680","targetHints":{"allow":["GET"]}}],"collection":[{"href":"https:\/\/feisphaislig.com\/gd\/wp-json\/wp\/v2\/pages"}],"about":[{"href":"https:\/\/feisphaislig.com\/gd\/wp-json\/wp\/v2\/types\/page"}],"author":[{"embeddable":true,"href":"https:\/\/feisphaislig.com\/gd\/wp-json\/wp\/v2\/users\/1"}],"replies":[{"embeddable":true,"href":"https:\/\/feisphaislig.com\/gd\/wp-json\/wp\/v2\/comments?post=13680"}],"version-history":[{"count":2,"href":"https:\/\/feisphaislig.com\/gd\/wp-json\/wp\/v2\/pages\/13680\/revisions"}],"predecessor-version":[{"id":13683,"href":"https:\/\/feisphaislig.com\/gd\/wp-json\/wp\/v2\/pages\/13680\/revisions\/13683"}],"wp:attachment":[{"href":"https:\/\/feisphaislig.com\/gd\/wp-json\/wp\/v2\/media?parent=13680"}],"curies":[{"name":"wp","href":"https:\/\/api.w.org\/{rel}","templated":true}]}}