{"id":13684,"date":"2015-09-01T01:43:45","date_gmt":"2015-09-01T01:43:45","guid":{"rendered":"https:\/\/feisphaislig.com\/mu-dheidhinn\/"},"modified":"2025-05-27T21:43:06","modified_gmt":"2025-05-27T21:43:06","slug":"mu-dheidhinn","status":"publish","type":"page","link":"https:\/\/feisphaislig.com\/gd\/mu-dheidhinn\/","title":{"rendered":"Mu ar deidhinn"},"content":{"rendered":"<!--themify_builder_content-->\n<div id=\"themify_builder_content-13684\" data-postid=\"13684\" class=\"themify_builder_content themify_builder_content-13684 themify_builder tf_clear\">\n                    <div  data-tablet_landscape-padding=\"2%,2%\" data-css_id=\"p5og103\" data-lazy=\"1\" class=\"module_row themify_builder_row fullwidth_row_container tb_p5og103 tb_first tf_w\">\n                        <div class=\"row_inner col_align_middle tb_col_count_2 tf_box tf_rel\">\n                        <div  data-lazy=\"1\" class=\"module_column tb-column col4-2 tb_tnyt010 first\">\n                    <!-- module text -->\n<div  class=\"module module-text tb_312w303   \" data-lazy=\"1\">\n        <div  class=\"tb_text_wrap\">\n        <h1>Mu ar deidhinn<\/h1>\n<h3>Tha F\u00e8is Ph\u00e0islig na bhuidheann ealain iomairteach a bheir cothrom air ce\u00f2l tradaiseanta is cultar na G\u00e0idhlig do dhaoine \u00f2ga air feadh Shiorrachd Rinn Fri\u00f9.<\/h3>\n<h3>Eadar c\u00e8ilidhean is c\u00f2isirean, sgoiltean samhraidh agus tursan sgoile, tha sinn airson brosnachadh a thoirt dhan ath-ghinealach de luchd-ci\u00f9il is tosgairean cultarach.<\/h3>    <\/div>\n<\/div>\n<!-- \/module text -->        <\/div>\n                    <div  data-lazy=\"1\" class=\"module_column tb-column col4-2 tb_b799744 last\">\n                    <!-- module video -->\n<div  class=\"module module-video tb_mk3g584 video-overlay  \" data-lazy=\"1\">\n                    <div class=\"video-wrap-outer\">\n            <div class=\"video-wrap tf_rel tf_overflow\">\n                                    <noscript><iframe data-no-script src=\"https:\/\/www.youtube.com\/embed\/w-DmVW1iD7w?pip=1&#038;playsinline=1\" allow=\"accelerometer;encrypted-media;gyroscope;picture-in-picture;fullscreen\" class=\"tf_abs tf_w tf_h\"><\/iframe><\/noscript>\n                                <\/div>\n            <!-- \/video-wrap -->\n        <\/div>\n        <!-- \/video-wrap-outer -->\n            <\/div>\n        <\/div>\n                        <\/div>\n        <\/div>\n                        <div  data-lazy=\"1\" class=\"module_row themify_builder_row tb_fh2w38 tf_w\">\n                        <div class=\"row_inner col_align_top tb_col_count_1 tf_box tf_rel\">\n                        <div  data-lazy=\"1\" class=\"module_column tb-column col-full tb_wrqc40 first\">\n                    <!-- module text -->\n<div  class=\"module module-text tb_ci1z303   \" data-lazy=\"1\">\n        <div  class=\"tb_text_wrap\">\n        <p>Chaidh F\u00e8is Ph\u00e0islig a st\u00e8idheachadh ann an 2015 is ch\u00f9m sinn a\u2019 chiad Seachdain na F\u00e8is againn a-riamh a\u2019 bhliadhna ud \u2013 c\u00f9rsa dian de bh\u00f9than-obrach airson stobadh a-steach. Fhuair barrachd air 60 clann oideachadh ann an ionnsramaidean ci\u00f9il, seinn is dr\u00e0ma r\u00e8 na seachdain, air an teagasg le cuid dhen luchd-chi\u00f9il tradaiseanta as ainmeile ann an Alba. Th\u00e0inig f\u00e0s air c\u00f9isean on \u00e0m ud is tha pr\u00f2gram de thachartasan fad na bliadhna againn a-nis is ghabh barrachd air 14,000 neach \u00f2g p\u00e0irt ann an 2024. <\/p>    <\/div>\n<\/div>\n<!-- \/module text -->        <\/div>\n                        <\/div>\n        <\/div>\n                        <div  data-lazy=\"1\" class=\"module_row themify_builder_row tb_uvf5582 tf_w\">\n                        <div class=\"row_inner col_align_top tb_col_count_1 tf_box tf_rel\">\n                        <div  data-lazy=\"1\" class=\"module_column tb-column col-full tb_h0kj583 first\">\n                    <!-- module text -->\n<div  class=\"module module-text tb_ajgl583   \" data-lazy=\"1\">\n        <div  class=\"tb_text_wrap\">\n        <h3>D\u00e8 th\u2019 ann am F\u00e8is?<\/h3>    <\/div>\n<\/div>\n<!-- \/module text --><!-- module text -->\n<div  class=\"module module-text tb_2dfg583   \" data-lazy=\"1\">\n        <div  class=\"tb_text_wrap\">\n        <p>\u2019S e cruinneachadh aighearach a th\u2019 ann am f\u00e8is. Ach ma chanas tu f\u00e8is an-diugh, smaoinichidh a\u2019 mh\u00f2rchuid air iomairt nam F\u00e8isean \u2013 l\u00econra de dh\u2019fh\u00e8isean ealain Gh\u00e0idhlig a tha st\u00e8idhichte sna coimhearsnachdan is a th\u00f2isich c\u00f2rr is 30 bliadhna air ais. Cuiridh na tachartasan seo \u2013 a gheibhear air feadh na h-Alba an-diugh \u2013 cudrom air ce\u00f2l tradaiseanta, seinn, dannsa \u2019s dr\u00e0ma, gu s\u00f2nraichte dhan chlann is daoine \u00f2ga.  <\/p>\n<p>Tha F\u00e8is na tachartas sp\u00f2rsail far am bi f\u00e0ilte ron a h-uile a tha airson p\u00e0irt a ghabhail \u2013 agus ionnsachadh fhaighinn \u2013 ann an tradaisean cultarach na G\u00e0idhlig. Ged a bhios a h-uile rud gu math neo-fhoirmeil is ion-ghabhalach, \u2019s e oideachadh aig \u00ecre \u00e0rd a gheibhear aig luchd-ci\u00f9il is oidean s\u00e0r-e\u00f2lach. <\/p>\n<p>Faigh barrachd fiosrachaidh mu eachdraidh iomairt nam F\u00e8isean aig <a href=\"https:\/\/www.feisean.org\/en\/\">feisean.org.<\/a><\/p>    <\/div>\n<\/div>\n<!-- \/module text --><!-- module gallery -->\n<div  class=\"module gallery module-gallery tb_fm37113 layout-grid bordered \" data-lazy=\"1\">\n    <div class=\"module-gallery-grid\" style=\"--gald:4;--galt:4;--galm:4\">\n            <dl class=\"gallery-item\">\n            <dt class=\"gallery-icon\">\n            <a data-title=\"\" title=\"\u00a9 Simon Lees Mobile 07900278953 email simon@simonsstudio.co.uk Copyright Designs &amp; Patents Act 1988, moral assetred credit required. No part of the photo to be stored, reproduced, manipulated or transmitted to thrid parties be any means without prior permission\" href=\"https:\/\/feisphaislig.com\/wp-content\/uploads\/2025\/04\/feis_phaislig-199.jpeg\" data-rel=\"tb_fm37113\" class=\"themify_lightbox\"><img loading=\"lazy\" decoding=\"async\" src=\"https:\/\/feisphaislig.com\/wp-content\/uploads\/2025\/04\/feis_phaislig-199-1024x682-300x200.jpeg\" width=\"300\" height=\"200\" class=\"wp-post-image wp-image-13353\" title=\"feis_phaislig-199\" alt=\"feis_phaislig-199\" srcset=\"https:\/\/feisphaislig.com\/wp-content\/uploads\/2025\/04\/feis_phaislig-199-1024x682-300x200.jpeg 300w, https:\/\/feisphaislig.com\/wp-content\/uploads\/2025\/04\/feis_phaislig-199-1024x682.jpeg 1024w, https:\/\/feisphaislig.com\/wp-content\/uploads\/2025\/04\/feis_phaislig-199-768x511.jpeg 768w, https:\/\/feisphaislig.com\/wp-content\/uploads\/2025\/04\/feis_phaislig-199.jpeg 1280w\" sizes=\"auto, (max-width: 300px) 100vw, 300px\" \/><\/a>            <\/dt>\n                    <\/dl>\n            <dl class=\"gallery-item\">\n            <dt class=\"gallery-icon\">\n            <a data-title=\"\" title=\"\" href=\"https:\/\/feisphaislig.com\/wp-content\/uploads\/2025\/02\/2.png\" data-rel=\"tb_fm37113\" class=\"themify_lightbox\"><img loading=\"lazy\" decoding=\"async\" src=\"https:\/\/feisphaislig.com\/wp-content\/uploads\/2025\/02\/2-1024x683-300x200.png\" width=\"300\" height=\"200\" class=\"wp-post-image wp-image-12916\" title=\"2\" alt=\"2\" srcset=\"https:\/\/feisphaislig.com\/wp-content\/uploads\/2025\/02\/2-1024x683-300x200.png 300w, https:\/\/feisphaislig.com\/wp-content\/uploads\/2025\/02\/2-1024x683.png 1024w, https:\/\/feisphaislig.com\/wp-content\/uploads\/2025\/02\/2-768x512.png 768w, https:\/\/feisphaislig.com\/wp-content\/uploads\/2025\/02\/2-1536x1024.png 1536w, https:\/\/feisphaislig.com\/wp-content\/uploads\/2025\/02\/2-2048x1365.png 2048w\" sizes=\"auto, (max-width: 300px) 100vw, 300px\" \/><\/a>            <\/dt>\n                    <\/dl>\n            <dl class=\"gallery-item\">\n            <dt class=\"gallery-icon\">\n            <a data-title=\"\" title=\"\" href=\"https:\/\/feisphaislig.com\/wp-content\/uploads\/2025\/02\/0e7257a2-308d-4014-8859-232c8d49e33a.jpeg\" data-rel=\"tb_fm37113\" class=\"themify_lightbox\"><img loading=\"lazy\" decoding=\"async\" src=\"https:\/\/feisphaislig.com\/wp-content\/uploads\/2025\/02\/0e7257a2-308d-4014-8859-232c8d49e33a-1024x769-300x200.jpeg\" width=\"300\" height=\"200\" class=\"wp-post-image wp-image-12796\" title=\"0e7257a2-308d-4014-8859-232c8d49e33a\" alt=\"0e7257a2-308d-4014-8859-232c8d49e33a\"><\/a>            <\/dt>\n                    <\/dl>\n            <dl class=\"gallery-item\">\n            <dt class=\"gallery-icon\">\n            <a data-title=\"\" title=\"\" href=\"https:\/\/feisphaislig.com\/wp-content\/uploads\/2025\/02\/Leading-Lines-02-8961.jpeg\" data-rel=\"tb_fm37113\" class=\"themify_lightbox\"><img loading=\"lazy\" decoding=\"async\" src=\"https:\/\/feisphaislig.com\/wp-content\/uploads\/2025\/02\/Leading-Lines-02-8961-1024x683-300x200.jpeg\" width=\"300\" height=\"200\" class=\"wp-post-image wp-image-12531\" title=\"Leading Lines 02-8961\" alt=\"Leading Lines 02-8961\" srcset=\"https:\/\/feisphaislig.com\/wp-content\/uploads\/2025\/02\/Leading-Lines-02-8961-1024x683-300x200.jpeg 300w, https:\/\/feisphaislig.com\/wp-content\/uploads\/2025\/02\/Leading-Lines-02-8961-1024x683.jpeg 1024w, https:\/\/feisphaislig.com\/wp-content\/uploads\/2025\/02\/Leading-Lines-02-8961-768x512.jpeg 768w, https:\/\/feisphaislig.com\/wp-content\/uploads\/2025\/02\/Leading-Lines-02-8961.jpeg 1280w\" sizes=\"auto, (max-width: 300px) 100vw, 300px\" \/><\/a>            <\/dt>\n                    <\/dl>\n    <\/div>\n<\/div>\n<!-- \/module gallery -->        <\/div>\n                        <\/div>\n        <\/div>\n                        <div  data-lazy=\"1\" class=\"module_row themify_builder_row tb_69qm908 tf_w\">\n                        <div class=\"row_inner col_align_top tb_col_count_1 tf_box tf_rel\">\n                        <div  data-lazy=\"1\" class=\"module_column tb-column col-full tb_0614908 first\">\n                    <!-- module text -->\n<div  class=\"module module-text tb_6ui1908   \" data-lazy=\"1\">\n        <div  class=\"tb_text_wrap\">\n        <h3>An sgioba againn<\/h3>    <\/div>\n<\/div>\n<!-- \/module text --><!-- module text -->\n<div  class=\"module module-text tb_mg4g908   \" data-lazy=\"1\">\n        <div  class=\"tb_text_wrap\">\n        <p class=\"p1\">\u2019S e Grant MacPh\u00e0rlain an sti\u00f9iriche aig F\u00e8is Ph\u00e0islig agus tha esan an urra ri leasachadh is l\u00ecbhrigeadh nan tachartasan againn thairis air a\u2019 bhliadhna. Tha b\u00f2rd d\u00ecleas de shaor-thoilich ri a thaobh is a chumas coinneamhan air feadh na bliadhna a bheir sti\u00f9ireadh is taic dhan obair againn. <\/p>\n<p class=\"p1\">\u2019S e <a href=\"https:\/\/www.oscr.org.uk\/about-charities\/search-the-register\/charity-details?number=SC053367\">carthannas Albannach cl\u00e0raichtey<\/a> a th\u2019 annainn agus tha sinn ag obair ann an com-p\u00e0irteachas leis an os-bhuidheann n\u00e0iseanta againn, <a href=\"https:\/\/www.feisean.org\/en\/\">F\u00e8isean nan G\u00e0idheal<\/a>.<\/p>\n<p class=\"p1\">Ma tha thu airson p\u00e0irt a ghabhail ann, cuir fhios thugainn. Tha f\u00e0ilte ro bheachd-smuaintean \u00f9ra, neart \u00f2g is taic an-c\u00f2mhnaidh is sinne airson brod nan \u00e0rainneachdan a chruthachadh do dhaoine \u00f2ga air feadh Shiorrachd Rinn Fri\u00f9. <\/p>    <\/div>\n<\/div>\n<!-- \/module text -->        <\/div>\n                        <\/div>\n        <\/div>\n                        <div  data-lazy=\"1\" class=\"module_row themify_builder_row tb_ulc2473 tf_w\">\n                        <div class=\"row_inner col_align_top tb_col_count_1 tf_box tf_rel\">\n                        <div  data-lazy=\"1\" class=\"module_column tb-column col-full tb_zrx3473 first\">\n                    <!-- module text -->\n<div  class=\"module module-text tb_m5jv473   \" data-lazy=\"1\">\n        <div  class=\"tb_text_wrap\">\n        <h3><b>Am pr\u00f2gram againn tron bhliadhna<\/b><\/h3>\n<p class=\"p3\">On a chuir sinn air bhog F\u00e8is Ph\u00e0islig ann an 2015 le seachdain de thachartasan as t-samhradh, th\u00e0inig f\u00e0s air c\u00f9isean is tha pr\u00f2gram be\u00f2thail againn a-nis tron bhliadhna air fad a bheir cothroman dha na m\u00ecltean de dhaoine \u00f2ga air feadh Shiorrachd Rinn Fri\u00f9. Am measg rudan eile, tha na leanas againn an-diugh: <\/p>\n<ul>\n<li class=\"p1\"><strong>Leasanan seachdaineil<\/strong> \u2013 Oideachadh cunbhalach ann an ionnsramaidean ci\u00f9il Albannach tradaiseanta<\/li>\n<li class=\"p1\"><strong>C\u00f2isir Gh\u00e0idhlig<\/strong> \u2013 Seiseanan seinn ann am buidheann a tha na chothrom ionnsachadh G\u00e0idhlig cuideachd<\/li>\n<li class=\"p1\"><strong>Seachdain na F\u00e8ise<\/strong> \u2013 B\u00f9than-obrach ci\u00f9il is ealain as t-samhradh do luchd-ionnsachaidh aig \u00ecre sam bith<\/li>\n<li class=\"p1\"><strong>Com-p\u00e0irteachas sgoiltean<\/strong> \u2013 Blocaichean ochd sheachdainean ann an sgoiltean \u00e0bhaisteach is ASN tron bhliadhna<\/li>\n<li class=\"p1\"><strong>Stramais nan sgoiltean<\/strong> \u2013 Turas ci\u00f9il thradaiseanta do bhun-sgoiltean<\/li>\n<li class=\"p1\"><strong>C\u00e8ilidh air chuairt<\/strong> \u2013 Pr\u00f2gram thaisbeantasan is leasachadh proifeiseanta do luchd-ci\u00f9il \u00f2ga eadar aois 16 is 25<\/li>\n<\/ul>\n<p class=\"p3\">Tha e na amas dhuinn s\u00e0r-\u00e0rainneachd do dhaoine \u00f2ga a thoirt seachad a bhios fosgailte dhan a h-uile duine \u2013 ged a bhios inneal-ci\u00f9il nan l\u00e0imh a\u2019 chiad turas nam beatha no ag obair air sgilean an \u00e0rd-\u00f9rlair.<\/p>    <\/div>\n<\/div>\n<!-- \/module text -->        <\/div>\n                        <\/div>\n        <\/div>\n                        <div  data-css_id=\"f2gt780\" data-lazy=\"1\" class=\"module_row themify_builder_row fullwidth_row_container tb_f2gt780 tf_w\">\n                        <div class=\"row_inner col_align_middle tb_col_count_2 tf_box tf_rel\">\n                        <div  data-lazy=\"1\" class=\"module_column tb-column col4-2 tb_ugmm780 first\">\n                    <!-- module image -->\n<div  class=\"module module-image tb_h9j4780 image-top   tf_mw hide-mobile\" data-lazy=\"1\">\n        <div class=\"image-wrap tf_rel tf_mw\">\n            <img loading=\"lazy\" decoding=\"async\" width=\"355\" height=\"789\" src=\"https:\/\/feisphaislig.com\/wp-content\/uploads\/2025\/02\/Treble-1.png\" class=\"wp-post-image wp-image-12693\" title=\"Treble\" alt=\"Treble\" srcset=\"https:\/\/feisphaislig.com\/wp-content\/uploads\/2025\/02\/Treble-1.png 355w, https:\/\/feisphaislig.com\/wp-content\/uploads\/2025\/02\/Treble-1-135x300.png 135w\" sizes=\"auto, (max-width: 355px) 100vw, 355px\" \/>    \n        <\/div>\n    <!-- \/image-wrap -->\n    \n        <\/div>\n<!-- \/module image -->        <\/div>\n                    <div  data-lazy=\"1\" class=\"module_column tb-column col4-2 tb_a2ae780 last\">\n                    <!-- module text -->\n<div  class=\"module module-text tb_95m3780   \" data-lazy=\"1\">\n        <div  class=\"tb_text_wrap\">\n        <h3><strong>Thig c\u00f2mhla rinn<\/strong><\/h3>    <\/div>\n<\/div>\n<!-- \/module text --><!-- module text -->\n<div  class=\"module module-text tb_ftbp780   \" data-lazy=\"1\">\n        <div  class=\"tb_text_wrap\">\n        <p>A bheil thu airson a bhith nad ph\u00e0irt dhen choimhearsnachd againn? <a href=\"https:\/\/feisphaislig.com\/gd\/cur-fios-gu\/\">Cuir fios thugainn<\/a> gus barrachd ionnsachadh mu na pr\u00f2iseactan againn, cl\u00e0raich airson <a href=\"https:\/\/feisphaislig.us10.list-manage.com\/subscribe?u=279bc01d988c8a72b8ac6f203&amp;id=98166c58b3&amp;utm_content=buffer3ac7e&amp;utm_medium=social&amp;utm_source=facebook.com&amp;utm_campaign=buffer\">an litir-naidheachd againn<\/a>, no lean sinn air na <a href=\"https:\/\/www.instagram.com\/feisphaislig\">meadhanan s\u00f2isealta<\/a> airson fuireach air an fhiosrachadh as \u00f9ire!<\/p>    <\/div>\n<\/div>\n<!-- \/module text --><!-- module widget -->\n<div  class=\"module module-widget tb_hxet780  \" data-lazy=\"1\">\n    <div class=\"widget themify-social-links\"><ul class=\"social-links horizontal\">\n                        <li class=\"social-link-item facebook font-icon icon-medium\">\n                            <a href=\"https:\/\/www.facebook.com\/feisphaislig\" aria-label=\"facebook\" target=\"_blank\" rel=\"noopener\"><em><svg  aria-label=\"Facebook\" class=\"tf_fa tf-ti-facebook\" xmlns:xlink=\"http:\/\/www.w3.org\/1999\/xlink\" role=\"img\"><use href=\"#tf-ti-facebook\" xlink:href=\"#tf-ti-facebook\"><\/use><\/svg><\/em>  <\/a>\n                        <\/li>\n                        <!-- \/themify-link-item -->\n                        <li class=\"social-link-item instagram font-icon icon-medium\">\n                            <a href=\"https:\/\/www.instagram.com\/feisphaislig\/\" aria-label=\"instagram\" target=\"_blank\" rel=\"noopener\"><em><svg  aria-label=\"Instagram\" class=\"tf_fa tf-fab-instagram\" xmlns:xlink=\"http:\/\/www.w3.org\/1999\/xlink\" role=\"img\"><use href=\"#tf-fab-instagram\" xlink:href=\"#tf-fab-instagram\"><\/use><\/svg><\/em>  <\/a>\n                        <\/li>\n                        <!-- \/themify-link-item -->\n                        <li class=\"social-link-item x font-icon icon-medium\">\n                            <a href=\"https:\/\/x.com\/feisphaislig\" aria-label=\"x\" target=\"_blank\" rel=\"noopener\"><em><svg  aria-label=\"X\" class=\"tf_fa tf-fab-x-twitter\" xmlns:xlink=\"http:\/\/www.w3.org\/1999\/xlink\" role=\"img\"><use href=\"#tf-fab-x-twitter\" xlink:href=\"#tf-fab-x-twitter\"><\/use><\/svg><\/em>  <\/a>\n                        <\/li>\n                        <!-- \/themify-link-item -->\n                        <li class=\"social-link-item youtube font-icon icon-medium\">\n                            <a href=\"https:\/\/www.youtube.com\/channel\/UChUB6zbAqhn7_of9YN8tvSg\" aria-label=\"youtube\" target=\"_blank\" rel=\"noopener\"><em><svg  aria-label=\"Youtube\" class=\"tf_fa tf-ti-youtube\" xmlns:xlink=\"http:\/\/www.w3.org\/1999\/xlink\" role=\"img\"><use href=\"#tf-ti-youtube\" xlink:href=\"#tf-ti-youtube\"><\/use><\/svg><\/em>  <\/a>\n                        <\/li>\n                        <!-- \/themify-link-item -->\n                        <li class=\"social-link-item email font-icon icon-medium\">\n                            <a href=\"mailto:info@feisphaislig.com\" aria-label=\"email\" target=\"_blank\" rel=\"noopener\"><em><svg  aria-label=\"Email\" class=\"tf_fa tf-fas-envelope\" xmlns:xlink=\"http:\/\/www.w3.org\/1999\/xlink\" role=\"img\"><use href=\"#tf-fas-envelope\" xlink:href=\"#tf-fas-envelope\"><\/use><\/svg><\/em>  <\/a>\n                        <\/li>\n                        <!-- \/themify-link-item -->\n                        <li class=\"social-link-item bandcamp font-icon icon-medium\">\n                            <a href=\"https:\/\/feisphaislig.bandcamp.com\" aria-label=\"bandcamp\" target=\"_blank\" rel=\"noopener\"><em><svg  aria-label=\"Bandcamp\" class=\"tf_fa tf-fas-music\" xmlns:xlink=\"http:\/\/www.w3.org\/1999\/xlink\" role=\"img\"><use href=\"#tf-fas-music\" xlink:href=\"#tf-fas-music\"><\/use><\/svg><\/em>  <\/a>\n                        <\/li>\n                        <!-- \/themify-link-item --><\/ul><\/div><\/div>\n<!-- \/module widget -->\n        <\/div>\n                        <\/div>\n        <\/div>\n        <\/div>\n<!--\/themify_builder_content-->","protected":false},"excerpt":{"rendered":"<p>Mu ar deidhinn Tha F\u00e8is Ph\u00e0islig na bhuidheann ealain iomairteach a bheir cothrom air ce\u00f2l tradaiseanta is cultar na G\u00e0idhlig do dhaoine \u00f2ga air feadh Shiorrachd Rinn Fri\u00f9. Eadar c\u00e8ilidhean is c\u00f2isirean, sgoiltean samhraidh agus tursan sgoile, tha sinn airson brosnachadh a thoirt dhan ath-ghinealach de luchd-ci\u00f9il is tosgairean cultarach. Chaidh F\u00e8is Ph\u00e0islig a st\u00e8idheachadh [&hellip;]<\/p>\n","protected":false},"author":1,"featured_media":0,"parent":0,"menu_order":0,"comment_status":"closed","ping_status":"closed","template":"","meta":{"footnotes":""},"class_list":["post-13684","page","type-page","status-publish","hentry","has-post-title","has-post-date","has-post-category","has-post-tag","has-post-comment","has-post-author",""],"aioseo_notices":[],"builder_content":"<h1>Mu ar deidhinn<\/h1> <h3>Tha F\u00e8is Ph\u00e0islig na bhuidheann ealain iomairteach a bheir cothrom air ce\u00f2l tradaiseanta is cultar na G\u00e0idhlig do dhaoine \u00f2ga air feadh Shiorrachd Rinn Fri\u00f9.<\/h3> <h3>Eadar c\u00e8ilidhean is c\u00f2isirean, sgoiltean samhraidh agus tursan sgoile, tha sinn airson brosnachadh a thoirt dhan ath-ghinealach de luchd-ci\u00f9il is tosgairean cultarach.<\/h3>\n[embed]https:\/\/www.youtube.com\/watch?v=w-DmVW1iD7w[\/embed]\n<p>Chaidh F\u00e8is Ph\u00e0islig a st\u00e8idheachadh ann an 2015 is ch\u00f9m sinn a\u2019 chiad Seachdain na F\u00e8is againn a-riamh a\u2019 bhliadhna ud \u2013 c\u00f9rsa dian de bh\u00f9than-obrach airson stobadh a-steach. Fhuair barrachd air 60 clann oideachadh ann an ionnsramaidean ci\u00f9il, seinn is dr\u00e0ma r\u00e8 na seachdain, air an teagasg le cuid dhen luchd-chi\u00f9il tradaiseanta as ainmeile ann an Alba. Th\u00e0inig f\u00e0s air c\u00f9isean on \u00e0m ud is tha pr\u00f2gram de thachartasan fad na bliadhna againn a-nis is ghabh barrachd air 14,000 neach \u00f2g p\u00e0irt ann an 2024. <\/p>\n<h3>D\u00e8 th\u2019 ann am F\u00e8is?<\/h3>\n<p>\u2019S e cruinneachadh aighearach a th\u2019 ann am f\u00e8is. Ach ma chanas tu f\u00e8is an-diugh, smaoinichidh a\u2019 mh\u00f2rchuid air iomairt nam F\u00e8isean \u2013 l\u00econra de dh\u2019fh\u00e8isean ealain Gh\u00e0idhlig a tha st\u00e8idhichte sna coimhearsnachdan is a th\u00f2isich c\u00f2rr is 30 bliadhna air ais. Cuiridh na tachartasan seo \u2013 a gheibhear air feadh na h-Alba an-diugh \u2013 cudrom air ce\u00f2l tradaiseanta, seinn, dannsa \u2019s dr\u00e0ma, gu s\u00f2nraichte dhan chlann is daoine \u00f2ga. <\/p> <p>Tha F\u00e8is na tachartas sp\u00f2rsail far am bi f\u00e0ilte ron a h-uile a tha airson p\u00e0irt a ghabhail \u2013 agus ionnsachadh fhaighinn \u2013 ann an tradaisean cultarach na G\u00e0idhlig. Ged a bhios a h-uile rud gu math neo-fhoirmeil is ion-ghabhalach, \u2019s e oideachadh aig \u00ecre \u00e0rd a gheibhear aig luchd-ci\u00f9il is oidean s\u00e0r-e\u00f2lach. <\/p> <p>Faigh barrachd fiosrachaidh mu eachdraidh iomairt nam F\u00e8isean aig <a href=\"https:\/\/www.feisean.org\/en\/\">feisean.org.<\/a><\/p>\n[gallery ids=\"13352,12915,12795,12530\"]\n<h3>An sgioba againn<\/h3>\n<p>\u2019S e Grant MacPh\u00e0rlain an sti\u00f9iriche aig F\u00e8is Ph\u00e0islig agus tha esan an urra ri leasachadh is l\u00ecbhrigeadh nan tachartasan againn thairis air a\u2019 bhliadhna. Tha b\u00f2rd d\u00ecleas de shaor-thoilich ri a thaobh is a chumas coinneamhan air feadh na bliadhna a bheir sti\u00f9ireadh is taic dhan obair againn. <\/p> <p>\u2019S e <a href=\"https:\/\/www.oscr.org.uk\/about-charities\/search-the-register\/charity-details?number=SC053367\">carthannas Albannach cl\u00e0raichtey<\/a> a th\u2019 annainn agus tha sinn ag obair ann an com-p\u00e0irteachas leis an os-bhuidheann n\u00e0iseanta againn, <a href=\"https:\/\/www.feisean.org\/en\/\">F\u00e8isean nan G\u00e0idheal<\/a>.<\/p> <p>Ma tha thu airson p\u00e0irt a ghabhail ann, cuir fhios thugainn. Tha f\u00e0ilte ro bheachd-smuaintean \u00f9ra, neart \u00f2g is taic an-c\u00f2mhnaidh is sinne airson brod nan \u00e0rainneachdan a chruthachadh do dhaoine \u00f2ga air feadh Shiorrachd Rinn Fri\u00f9. <\/p>\n<h3><b>Am pr\u00f2gram againn tron bhliadhna<\/b><\/h3> <p>On a chuir sinn air bhog F\u00e8is Ph\u00e0islig ann an 2015 le seachdain de thachartasan as t-samhradh, th\u00e0inig f\u00e0s air c\u00f9isean is tha pr\u00f2gram be\u00f2thail againn a-nis tron bhliadhna air fad a bheir cothroman dha na m\u00ecltean de dhaoine \u00f2ga air feadh Shiorrachd Rinn Fri\u00f9. Am measg rudan eile, tha na leanas againn an-diugh: <\/p> <ul> <li><strong>Leasanan seachdaineil<\/strong> \u2013 Oideachadh cunbhalach ann an ionnsramaidean ci\u00f9il Albannach tradaiseanta<\/li> <li><strong>C\u00f2isir Gh\u00e0idhlig<\/strong> \u2013 Seiseanan seinn ann am buidheann a tha na chothrom ionnsachadh G\u00e0idhlig cuideachd<\/li> <li><strong>Seachdain na F\u00e8ise<\/strong> \u2013 B\u00f9than-obrach ci\u00f9il is ealain as t-samhradh do luchd-ionnsachaidh aig \u00ecre sam bith<\/li> <li><strong>Com-p\u00e0irteachas sgoiltean<\/strong> \u2013 Blocaichean ochd sheachdainean ann an sgoiltean \u00e0bhaisteach is ASN tron bhliadhna<\/li> <li><strong>Stramais nan sgoiltean<\/strong> \u2013 Turas ci\u00f9il thradaiseanta do bhun-sgoiltean<\/li> <li><strong>C\u00e8ilidh air chuairt<\/strong> \u2013 Pr\u00f2gram thaisbeantasan is leasachadh proifeiseanta do luchd-ci\u00f9il \u00f2ga eadar aois 16 is 25<\/li> <\/ul> <p>Tha e na amas dhuinn s\u00e0r-\u00e0rainneachd do dhaoine \u00f2ga a thoirt seachad a bhios fosgailte dhan a h-uile duine \u2013 ged a bhios inneal-ci\u00f9il nan l\u00e0imh a\u2019 chiad turas nam beatha no ag obair air sgilean an \u00e0rd-\u00f9rlair.<\/p>\n<img src=\"https:\/\/feisphaislig.com\/wp-content\/uploads\/2025\/02\/Treble-1.png\" title=\"Treble\" alt=\"Treble\" srcset=\"https:\/\/feisphaislig.com\/wp-content\/uploads\/2025\/02\/Treble-1.png 355w, https:\/\/feisphaislig.com\/wp-content\/uploads\/2025\/02\/Treble-1-135x300.png 135w\" sizes=\"(max-width: 355px) 100vw, 355px\" \/>\n<h3><strong>Thig c\u00f2mhla rinn<\/strong><\/h3>\n<p>A bheil thu airson a bhith nad ph\u00e0irt dhen choimhearsnachd againn? <a href=\"https:\/\/feisphaislig.com\/gd\/cur-fios-gu\/\">Cuir fios thugainn<\/a> gus barrachd ionnsachadh mu na pr\u00f2iseactan againn, cl\u00e0raich airson <a href=\"https:\/\/feisphaislig.us10.list-manage.com\/subscribe?u=279bc01d988c8a72b8ac6f203&amp;id=98166c58b3&amp;utm_content=buffer3ac7e&amp;utm_medium=social&amp;utm_source=facebook.com&amp;utm_campaign=buffer\">an litir-naidheachd againn<\/a>, no lean sinn air na <a href=\"https:\/\/www.instagram.com\/feisphaislig\">meadhanan s\u00f2isealta<\/a> airson fuireach air an fhiosrachadh as \u00f9ire!<\/p>\n<ul><li><a href=\"https:\/\/www.facebook.com\/feisphaislig\">Facebook<\/a><\/li><li><a href=\"https:\/\/www.instagram.com\/feisphaislig\/\">Instagram<\/a><\/li><li><a href=\"https:\/\/x.com\/feisphaislig\">X<\/a><\/li><li><a href=\"https:\/\/www.youtube.com\/channel\/UChUB6zbAqhn7_of9YN8tvSg\">Youtube<\/a><\/li><li><a href=\"mailto:info@feisphaislig.com\">Email<\/a><\/li><li><a href=\"https:\/\/feisphaislig.bandcamp.com\">Bandcamp<\/a><\/li><\/ul>","_links":{"self":[{"href":"https:\/\/feisphaislig.com\/gd\/wp-json\/wp\/v2\/pages\/13684","targetHints":{"allow":["GET"]}}],"collection":[{"href":"https:\/\/feisphaislig.com\/gd\/wp-json\/wp\/v2\/pages"}],"about":[{"href":"https:\/\/feisphaislig.com\/gd\/wp-json\/wp\/v2\/types\/page"}],"author":[{"embeddable":true,"href":"https:\/\/feisphaislig.com\/gd\/wp-json\/wp\/v2\/users\/1"}],"replies":[{"embeddable":true,"href":"https:\/\/feisphaislig.com\/gd\/wp-json\/wp\/v2\/comments?post=13684"}],"version-history":[{"count":5,"href":"https:\/\/feisphaislig.com\/gd\/wp-json\/wp\/v2\/pages\/13684\/revisions"}],"predecessor-version":[{"id":13840,"href":"https:\/\/feisphaislig.com\/gd\/wp-json\/wp\/v2\/pages\/13684\/revisions\/13840"}],"wp:attachment":[{"href":"https:\/\/feisphaislig.com\/gd\/wp-json\/wp\/v2\/media?parent=13684"}],"curies":[{"name":"wp","href":"https:\/\/api.w.org\/{rel}","templated":true}]}}