{"id":13848,"date":"2015-03-25T21:43:00","date_gmt":"2015-03-25T20:43:00","guid":{"rendered":"https:\/\/feisphaislig.com\/seachdain-na-feise\/"},"modified":"2025-06-03T11:29:27","modified_gmt":"2025-06-03T11:29:27","slug":"seachdain-na-feise","status":"publish","type":"page","link":"https:\/\/feisphaislig.com\/gd\/seachdain-na-feise\/","title":{"rendered":"Seachdain na F\u00e8ise"},"content":{"rendered":"<!--themify_builder_content-->\n<div id=\"themify_builder_content-13848\" data-postid=\"13848\" class=\"themify_builder_content themify_builder_content-13848 themify_builder tf_clear\">\n                    <div  data-tablet_landscape-padding=\"2%,2%\" data-css_id=\"40ee18\" data-lazy=\"1\" class=\"module_row themify_builder_row fullwidth_row_container tb_40ee18 tb_first tf_w\">\n                        <div class=\"row_inner col_align_top tb_col_count_1 tf_box tf_rel\">\n                        <div  data-lazy=\"1\" class=\"module_column tb-column col-full tb_7r0k18 first\">\n                    <!-- module text -->\n<div  class=\"module module-text tb_x2xz18   \" data-lazy=\"1\">\n        <div  class=\"tb_text_wrap\">\n        <p style=\"text-align: center\"><strong>Tha na h-\u00e0itichean mu dheireadh ri fhaighinn a-nis \u2013 cuir s\u00ecos d\u2019 ainm ron 31mh dhen Ch\u00e8itean!<\/strong><\/p>\n<p style=\"text-align: center\"><strong>Briog an seo is <a href=\"https:\/\/feisphaislig.com\/feis-week-registration\/\">cuir s\u00ecos d\u2019 ainm<\/a> no cl\u00e0raich aig an <a href=\"http:\/\/eepurl.com\/hsaYcH\">liosta-phuist<\/a> againn airson naidheachdan san \u00e0m ri teachd<\/strong><\/p>    <\/div>\n<\/div>\n<!-- \/module text -->        <\/div>\n                        <\/div>\n        <\/div>\n                        <div  data-tablet_landscape-padding=\"2%,2%\" data-css_id=\"rrc684\" data-lazy=\"1\" class=\"module_row themify_builder_row fullwidth_row_container tb_rrc684 tf_w\">\n                        <div class=\"row_inner col_align_top tb_col_count_1 tf_box tf_rel\">\n                        <div  data-lazy=\"1\" class=\"module_column tb-column col-full tb_9az884 first\">\n                    <!-- module text -->\n<div  class=\"module module-text tb_gq0084   \" data-lazy=\"1\">\n        <div  class=\"tb_text_wrap\">\n        <h1 style=\"text-align: center\"><strong><span style=\"color: #333333\">Seo thugad seachdain dho-chreidsinneach de che\u00f2l tradaiseanta<\/span><\/strong><br><strong><span style=\"color: #333333\">is cultar G\u00e0idhlig ann an Siorrachd Rinn Fri\u00f9!<\/span><\/strong><\/h1>\n<p style=\"text-align: center\"><strong>Tiugainn is gabh p\u00e0irt ann am b\u00f9than-obrach ci\u00f9il is ealain togarrach fad 4 l\u00e0ithean. Tha na tachartasan againn r\u00e8 Seachdain na F\u00e8ise ag amas air daoine \u00f2ga eadar aois 5 is 18 fo sti\u00f9ir cuid dhen luchd-chi\u00f9il is dhe na h-oidean as fhe\u00e0rr ann an Alba.<\/strong><\/p>    <\/div>\n<\/div>\n<!-- \/module text --><!-- module icon -->\n<div  class=\"module module-icon tb_ntp775 customIcon  rounded icon_horizontal tf_textc\" data-lazy=\"1\">\n\t\t\t<div class=\"module-icon-item\">\n\t\t\t\t\t\t\t\t\t\t\t\t\t\t\t\t<em class=\"tf_box\"\n\t\t\t\t\t\t\t\t\t\t\t\t style=\"background-color:#531b93;color:#edf3ff\"\t\t\t\t\t><svg  class=\"tf_fa tf-far-calendar-alt\" xmlns:xlink=\"http:\/\/www.w3.org\/1999\/xlink\" aria-hidden=\"true\"><use href=\"#tf-far-calendar-alt\" xlink:href=\"#tf-far-calendar-alt\"><\/use><\/svg><\/em>\n\t\t\t\t\t\t\t\t\t\t\t\t\t\t\t\t\t\t\t<span>Dim\u00e0irt 15mh gu Dihaoine 18mh latha dhen Iuchar 2025<\/span>\n\t\t\t\t\t\t\t\t\t\t\t\t\t\t\t<\/div>\n\t\t\t<div class=\"module-icon-item\">\n\t\t\t\t\t\t\t\t\t\t\t\t\t\t\t\t<em class=\"tf_box\"\n\t\t\t\t\t\t\t\t\t\t\t\t style=\"background-color:#531b93;color:#edf3ff\"\t\t\t\t\t><svg  class=\"tf_fa tf-fas-location-dot\" xmlns:xlink=\"http:\/\/www.w3.org\/1999\/xlink\" aria-hidden=\"true\"><use href=\"#tf-fas-location-dot\" xlink:href=\"#tf-fas-location-dot\"><\/use><\/svg><\/em>\n\t\t\t\t\t\t\t\t\t\t\t\t\t\t\t\t\t\t\t<span>\u00c0rd-sgoil Bhaile Iain<\/span>\n\t\t\t\t\t\t\t\t\t\t\t\t\t\t\t<\/div>\n\t<\/div>\n<!-- \/module icon -->\n        <\/div>\n                        <\/div>\n        <\/div>\n                        <div  data-tablet_landscape-padding=\"2%,2%\" data-css_id=\"7he3704\" data-lazy=\"1\" class=\"module_row themify_builder_row fullwidth_row_container tb_7he3704 tf_w\">\n                        <div class=\"row_inner col_align_top tb_col_count_1 tf_box tf_rel\">\n                        <div  data-lazy=\"1\" class=\"module_column tb-column col-full tb_qrqe704 first\">\n                    <!-- module image -->\n<div  class=\"module module-image tb_uv8b84 image-top   tf_mw hide-mobile\" data-lazy=\"1\">\n        <div class=\"image-wrap tf_rel tf_mw\">\n            <img loading=\"lazy\" decoding=\"async\" width=\"4415\" height=\"1436\" src=\"https:\/\/feisphaislig.com\/wp-content\/uploads\/2025\/04\/feis_phaislig-54-1-2.png\" class=\"wp-post-image wp-image-13431\" title=\"feis_phaislig-54 (1) 2\" alt=\"feis_phaislig-54 (1) 2\" srcset=\"https:\/\/feisphaislig.com\/wp-content\/uploads\/2025\/04\/feis_phaislig-54-1-2.png 4415w, https:\/\/feisphaislig.com\/wp-content\/uploads\/2025\/04\/feis_phaislig-54-1-2-300x98.png 300w, https:\/\/feisphaislig.com\/wp-content\/uploads\/2025\/04\/feis_phaislig-54-1-2-1024x333.png 1024w, https:\/\/feisphaislig.com\/wp-content\/uploads\/2025\/04\/feis_phaislig-54-1-2-768x250.png 768w, https:\/\/feisphaislig.com\/wp-content\/uploads\/2025\/04\/feis_phaislig-54-1-2-1536x500.png 1536w, https:\/\/feisphaislig.com\/wp-content\/uploads\/2025\/04\/feis_phaislig-54-1-2-2048x666.png 2048w\" sizes=\"auto, (max-width: 4415px) 100vw, 4415px\" \/>    \n        <\/div>\n    <!-- \/image-wrap -->\n    \n        <\/div>\n<!-- \/module image -->        <\/div>\n                        <\/div>\n        <\/div>\n                        <div  data-tablet_landscape-padding=\"2%,2%\" data-css_id=\"s5im742\" data-lazy=\"1\" class=\"module_row themify_builder_row fullwidth_row_container tb_s5im742 tf_w\">\n                        <div class=\"row_inner col_align_top tb_col_count_3 tf_box tf_rel\">\n                        <div  data-lazy=\"1\" class=\"module_column tb-column col3-1 tb_v897742 first\">\n                    <!-- module image -->\n<div  class=\"module module-image tb_zanr88 image-top bordered  tf_mw\" data-lazy=\"1\">\n        <div class=\"image-wrap tf_rel tf_mw\">\n            <a href=\"https:\/\/feisphaislig.com\/feis-bheag\/\">\n                   <img loading=\"lazy\" decoding=\"async\" width=\"1280\" height=\"852\" src=\"https:\/\/feisphaislig.com\/wp-content\/uploads\/2025\/04\/feis_phaislig-180.jpeg\" class=\"wp-post-image wp-image-13196\" title=\"feis_phaislig-180\" alt=\"feis_phaislig-180\" srcset=\"https:\/\/feisphaislig.com\/wp-content\/uploads\/2025\/04\/feis_phaislig-180.jpeg 1280w, https:\/\/feisphaislig.com\/wp-content\/uploads\/2025\/04\/feis_phaislig-180-300x200.jpeg 300w, https:\/\/feisphaislig.com\/wp-content\/uploads\/2025\/04\/feis_phaislig-180-1024x682.jpeg 1024w, https:\/\/feisphaislig.com\/wp-content\/uploads\/2025\/04\/feis_phaislig-180-768x511.jpeg 768w\" sizes=\"auto, (max-width: 1280px) 100vw, 1280px\" \/>        <\/a>\n    \n        <\/div>\n    <!-- \/image-wrap -->\n    \n        <\/div>\n<!-- \/module image --><!-- module text -->\n<div  class=\"module module-text tb_kc4y51   \" data-lazy=\"1\">\n        <div  class=\"tb_text_wrap\">\n        <h1 style=\"text-align: center\"><strong>An Fh\u00e8is Bheag<\/strong><\/h1>\n<p style=\"text-align: center\"><strong>Sgoilearan P1-P3<\/strong><\/p>\n<p style=\"text-align: center\">Ciad bhlasad de che\u00f2l tradaiseanta is \u00f2rain Gh\u00e0idhlig.<\/p>    <\/div>\n<\/div>\n<!-- \/module text --><!-- module buttons -->\n<div  class=\"module module-buttons tb_7q74803 buttons-horizontal solid   buttons-fullwidth\" data-lazy=\"1\">\n        <div class=\"module-buttons-item tf_in_flx\">\n                        <a href=\"https:\/\/feisphaislig.com\/feis-bheag\/\" class=\"ui builder_button tf_in_flx transparent\" >\n                                                Barrachd fiosrachaidh                                        <\/a>\n                <\/div>\n            <\/div>\n<!-- \/module buttons -->\n        <\/div>\n                    <div  data-lazy=\"1\" class=\"module_column tb-column col3-1 tb_5h2c980\">\n                    <!-- module image -->\n<div  class=\"module module-image tb_lm41980 image-top bordered  tf_mw\" data-lazy=\"1\">\n        <div class=\"image-wrap tf_rel tf_mw\">\n            <a href=\"https:\/\/feisphaislig.com\/main-feis-week\/\">\n                   <img loading=\"lazy\" decoding=\"async\" width=\"1280\" height=\"852\" src=\"https:\/\/feisphaislig.com\/wp-content\/uploads\/2025\/04\/feis_phaislig-124.jpeg\" class=\"wp-post-image wp-image-13200\" title=\"feis_phaislig-124\" alt=\"feis_phaislig-124\" srcset=\"https:\/\/feisphaislig.com\/wp-content\/uploads\/2025\/04\/feis_phaislig-124.jpeg 1280w, https:\/\/feisphaislig.com\/wp-content\/uploads\/2025\/04\/feis_phaislig-124-300x200.jpeg 300w, https:\/\/feisphaislig.com\/wp-content\/uploads\/2025\/04\/feis_phaislig-124-1024x682.jpeg 1024w, https:\/\/feisphaislig.com\/wp-content\/uploads\/2025\/04\/feis_phaislig-124-768x511.jpeg 768w\" sizes=\"auto, (max-width: 1280px) 100vw, 1280px\" \/>        <\/a>\n    \n        <\/div>\n    <!-- \/image-wrap -->\n    \n        <\/div>\n<!-- \/module image --><!-- module text -->\n<div  class=\"module module-text tb_jfgp980   \" data-lazy=\"1\">\n        <div  class=\"tb_text_wrap\">\n        <h1 style=\"text-align: center\"><strong>A\u2019 Phr\u00ecomh Fh\u00e8is<\/strong><\/h1>\n<p style=\"text-align: center\"><strong>Sgoilearan P4-S6<\/strong><\/p>\n<p style=\"text-align: center\">B\u00f9than-obrach \u201cTiugainn is feuch\u201d le ce\u00f2l, \u00f2rain, dannsa \u2019s m\u00f2ran a bharrachd\u2026<\/p>    <\/div>\n<\/div>\n<!-- \/module text --><!-- module buttons -->\n<div  class=\"module module-buttons tb_8nvl980 buttons-horizontal solid   buttons-fullwidth\" data-lazy=\"1\">\n        <div class=\"module-buttons-item tf_in_flx\">\n                        <a href=\"https:\/\/feisphaislig.com\/main-feis-week\/\" class=\"ui builder_button tf_in_flx transparent\" >\n                                                Barrachd fiosrachaidh                                        <\/a>\n                <\/div>\n            <\/div>\n<!-- \/module buttons -->\n        <\/div>\n                    <div  data-lazy=\"1\" class=\"module_column tb-column col3-1 tb_m54w400 last\">\n                    <!-- module image -->\n<div  class=\"module module-image tb_i3a9400 image-top bordered  tf_mw\" data-lazy=\"1\">\n        <div class=\"image-wrap tf_rel tf_mw\">\n            <a href=\"https:\/\/feisphaislig.com\/advanced-feis-week\/\">\n                   <img loading=\"lazy\" decoding=\"async\" width=\"1280\" height=\"852\" src=\"https:\/\/feisphaislig.com\/wp-content\/uploads\/2025\/04\/feis_phaislig-192.jpeg\" class=\"wp-post-image wp-image-13198\" title=\"feis_phaislig-192\" alt=\"feis_phaislig-192\" srcset=\"https:\/\/feisphaislig.com\/wp-content\/uploads\/2025\/04\/feis_phaislig-192.jpeg 1280w, https:\/\/feisphaislig.com\/wp-content\/uploads\/2025\/04\/feis_phaislig-192-300x200.jpeg 300w, https:\/\/feisphaislig.com\/wp-content\/uploads\/2025\/04\/feis_phaislig-192-1024x682.jpeg 1024w, https:\/\/feisphaislig.com\/wp-content\/uploads\/2025\/04\/feis_phaislig-192-768x511.jpeg 768w\" sizes=\"auto, (max-width: 1280px) 100vw, 1280px\" \/>        <\/a>\n    \n        <\/div>\n    <!-- \/image-wrap -->\n    \n        <\/div>\n<!-- \/module image --><!-- module text -->\n<div  class=\"module module-text tb_73cs400   \" data-lazy=\"1\">\n        <div  class=\"tb_text_wrap\">\n        <h1 style=\"text-align: center\"><strong>An Fh\u00e8is Adhartach<\/strong><\/h1>\n<p style=\"text-align: center\"><strong>Sgoilearan S1-S6<\/strong><\/p>\n<p style=\"text-align: center\">Sreath de bh\u00f9than-obrach leasachail do sgoilearan san \u00e0rd-sgoil.<\/p>    <\/div>\n<\/div>\n<!-- \/module text --><!-- module buttons -->\n<div  class=\"module module-buttons tb_05yt400 buttons-horizontal solid   buttons-fullwidth\" data-lazy=\"1\">\n        <div class=\"module-buttons-item tf_in_flx\">\n                        <a href=\"https:\/\/feisphaislig.com\/advanced-feis-week\/\" class=\"ui builder_button tf_in_flx transparent\" >\n                                                Barrachd fiosrachaidh                                        <\/a>\n                <\/div>\n            <\/div>\n<!-- \/module buttons -->\n        <\/div>\n                        <\/div>\n        <\/div>\n                        <div  data-css_id=\"5i6u175\" data-lazy=\"1\" class=\"module_row themify_builder_row fullwidth_row_container tb_5i6u175 tf_w\">\n                        <div class=\"row_inner col_align_middle tb_col_count_2 tf_box tf_rel\">\n                        <div  data-lazy=\"1\" class=\"module_column tb-column col4-2 tb_c84j176 first\">\n                    <!-- module image -->\n<div  class=\"module module-image tb_17ky176 image-top   tf_mw hide-mobile\" data-lazy=\"1\">\n        <div class=\"image-wrap tf_rel tf_mw\">\n            <img loading=\"lazy\" decoding=\"async\" width=\"355\" height=\"789\" src=\"https:\/\/feisphaislig.com\/wp-content\/uploads\/2025\/02\/Treble-1.png\" class=\"wp-post-image wp-image-12693\" title=\"Treble\" alt=\"Treble\" srcset=\"https:\/\/feisphaislig.com\/wp-content\/uploads\/2025\/02\/Treble-1.png 355w, https:\/\/feisphaislig.com\/wp-content\/uploads\/2025\/02\/Treble-1-135x300.png 135w\" sizes=\"auto, (max-width: 355px) 100vw, 355px\" \/>    \n        <\/div>\n    <!-- \/image-wrap -->\n    \n        <\/div>\n<!-- \/module image -->        <\/div>\n                    <div  data-lazy=\"1\" class=\"module_column tb-column col4-2 tb_92tw176 last\">\n                    <!-- module text -->\n<div  class=\"module module-text tb_sesz176   \" data-lazy=\"1\">\n        <div  class=\"tb_text_wrap\">\n        <h3><strong>Thig c\u00f2mhla rinn<\/strong><\/h3>    <\/div>\n<\/div>\n<!-- \/module text --><!-- module text -->\n<div  class=\"module module-text tb_413q176   \" data-lazy=\"1\">\n        <div  class=\"tb_text_wrap\">\n        <p>A bheil thu airson a bhith nad ph\u00e0irt dhen choimhearsnachd againn? <a href=\"https:\/\/feisphaislig.com\/gd\/cur-fios-gu\/\">Cuir fios thugainn<\/a> gus barrachd ionnsachadh mu na pr\u00f2iseactan againn, cl\u00e0raich airson <a href=\"https:\/\/feisphaislig.us10.list-manage.com\/subscribe?u=279bc01d988c8a72b8ac6f203&amp;id=98166c58b3&amp;utm_content=buffer3ac7e&amp;utm_medium=social&amp;utm_source=facebook.com&amp;utm_campaign=buffer\">an litir-naidheachd againn<\/a>, no lean sinn air na <a href=\"https:\/\/www.instagram.com\/feisphaislig\">meadhanan s\u00f2isealta<\/a> airson fuireach air an fhiosrachadh as \u00f9ire!<\/p>    <\/div>\n<\/div>\n<!-- \/module text --><!-- module widget -->\n<div  class=\"module module-widget tb_prlc176  \" data-lazy=\"1\">\n    <div class=\"widget themify-social-links\"><ul class=\"social-links horizontal\">\n                        <li class=\"social-link-item facebook font-icon icon-medium\">\n                            <a href=\"https:\/\/www.facebook.com\/feisphaislig\" aria-label=\"facebook\" target=\"_blank\" rel=\"noopener\"><em><svg  aria-label=\"Facebook\" class=\"tf_fa tf-ti-facebook\" xmlns:xlink=\"http:\/\/www.w3.org\/1999\/xlink\" role=\"img\"><use href=\"#tf-ti-facebook\" xlink:href=\"#tf-ti-facebook\"><\/use><\/svg><\/em>  <\/a>\n                        <\/li>\n                        <!-- \/themify-link-item -->\n                        <li class=\"social-link-item instagram font-icon icon-medium\">\n                            <a href=\"https:\/\/www.instagram.com\/feisphaislig\/\" aria-label=\"instagram\" target=\"_blank\" rel=\"noopener\"><em><svg  aria-label=\"Instagram\" class=\"tf_fa tf-fab-instagram\" xmlns:xlink=\"http:\/\/www.w3.org\/1999\/xlink\" role=\"img\"><use href=\"#tf-fab-instagram\" xlink:href=\"#tf-fab-instagram\"><\/use><\/svg><\/em>  <\/a>\n                        <\/li>\n                        <!-- \/themify-link-item -->\n                        <li class=\"social-link-item x font-icon icon-medium\">\n                            <a href=\"https:\/\/x.com\/feisphaislig\" aria-label=\"x\" target=\"_blank\" rel=\"noopener\"><em><svg  aria-label=\"X\" class=\"tf_fa tf-fab-x-twitter\" xmlns:xlink=\"http:\/\/www.w3.org\/1999\/xlink\" role=\"img\"><use href=\"#tf-fab-x-twitter\" xlink:href=\"#tf-fab-x-twitter\"><\/use><\/svg><\/em>  <\/a>\n                        <\/li>\n                        <!-- \/themify-link-item -->\n                        <li class=\"social-link-item youtube font-icon icon-medium\">\n                            <a href=\"https:\/\/www.youtube.com\/channel\/UChUB6zbAqhn7_of9YN8tvSg\" aria-label=\"youtube\" target=\"_blank\" rel=\"noopener\"><em><svg  aria-label=\"Youtube\" class=\"tf_fa tf-ti-youtube\" xmlns:xlink=\"http:\/\/www.w3.org\/1999\/xlink\" role=\"img\"><use href=\"#tf-ti-youtube\" xlink:href=\"#tf-ti-youtube\"><\/use><\/svg><\/em>  <\/a>\n                        <\/li>\n                        <!-- \/themify-link-item -->\n                        <li class=\"social-link-item email font-icon icon-medium\">\n                            <a href=\"mailto:info@feisphaislig.com\" aria-label=\"email\" target=\"_blank\" rel=\"noopener\"><em><svg  aria-label=\"Email\" class=\"tf_fa tf-fas-envelope\" xmlns:xlink=\"http:\/\/www.w3.org\/1999\/xlink\" role=\"img\"><use href=\"#tf-fas-envelope\" xlink:href=\"#tf-fas-envelope\"><\/use><\/svg><\/em>  <\/a>\n                        <\/li>\n                        <!-- \/themify-link-item -->\n                        <li class=\"social-link-item bandcamp font-icon icon-medium\">\n                            <a href=\"https:\/\/feisphaislig.bandcamp.com\" aria-label=\"bandcamp\" target=\"_blank\" rel=\"noopener\"><em><svg  aria-label=\"Bandcamp\" class=\"tf_fa tf-fas-music\" xmlns:xlink=\"http:\/\/www.w3.org\/1999\/xlink\" role=\"img\"><use href=\"#tf-fas-music\" xlink:href=\"#tf-fas-music\"><\/use><\/svg><\/em>  <\/a>\n                        <\/li>\n                        <!-- \/themify-link-item --><\/ul><\/div><\/div>\n<!-- \/module widget -->\n        <\/div>\n                        <\/div>\n        <\/div>\n        <\/div>\n<!--\/themify_builder_content-->","protected":false},"excerpt":{"rendered":"<p>Tha na h-\u00e0itichean mu dheireadh ri fhaighinn a-nis \u2013 cuir s\u00ecos d\u2019 ainm ron 31mh dhen Ch\u00e8itean! Briog an seo is cuir s\u00ecos d\u2019 ainm no cl\u00e0raich aig an liosta-phuist againn airson naidheachdan san \u00e0m ri teachd Seo thugad seachdain dho-chreidsinneach de che\u00f2l tradaiseantais cultar G\u00e0idhlig ann an Siorrachd Rinn Fri\u00f9! Tiugainn is gabh p\u00e0irt [&hellip;]<\/p>\n","protected":false},"author":1,"featured_media":0,"parent":0,"menu_order":0,"comment_status":"closed","ping_status":"closed","template":"","meta":{"footnotes":""},"class_list":["post-13848","page","type-page","status-publish","hentry","has-post-title","has-post-date","has-post-category","has-post-tag","has-post-comment","has-post-author",""],"aioseo_notices":[],"builder_content":"<p style=\"text-align: center\"><strong>Tha na h-\u00e0itichean mu dheireadh ri fhaighinn a-nis \u2013 cuir s\u00ecos d\u2019 ainm ron 31mh dhen Ch\u00e8itean!<\/strong><\/p> <p style=\"text-align: center\"><strong>Briog an seo is <a href=\"https:\/\/feisphaislig.com\/feis-week-registration\/\">cuir s\u00ecos d\u2019 ainm<\/a> no cl\u00e0raich aig an <a href=\"http:\/\/eepurl.com\/hsaYcH\">liosta-phuist<\/a> againn airson naidheachdan san \u00e0m ri teachd<\/strong><\/p>\n<h1 style=\"text-align: center\"><strong>Seo thugad seachdain dho-chreidsinneach de che\u00f2l tradaiseanta<\/strong><br><strong>is cultar G\u00e0idhlig ann an Siorrachd Rinn Fri\u00f9!<\/strong><\/h1> <p style=\"text-align: center\"><strong>Tiugainn is gabh p\u00e0irt ann am b\u00f9than-obrach ci\u00f9il is ealain togarrach fad 4 l\u00e0ithean. Tha na tachartasan againn r\u00e8 Seachdain na F\u00e8ise ag amas air daoine \u00f2ga eadar aois 5 is 18 fo sti\u00f9ir cuid dhen luchd-chi\u00f9il is dhe na h-oidean as fhe\u00e0rr ann an Alba.<\/strong><\/p>\n<em style=\"background-color:#531b93;color:#edf3ff\" ><svg xmlns:xlink=\"http:\/\/www.w3.org\/1999\/xlink\" aria-hidden=\"true\"><use href=\"#tf-far-calendar-alt\" xlink:href=\"#tf-far-calendar-alt\"><\/use><\/svg><\/em> Dim\u00e0irt 15mh gu Dihaoine 18mh latha dhen Iuchar 2025 <em style=\"background-color:#531b93;color:#edf3ff\" ><svg xmlns:xlink=\"http:\/\/www.w3.org\/1999\/xlink\" aria-hidden=\"true\"><use href=\"#tf-fas-location-dot\" xlink:href=\"#tf-fas-location-dot\"><\/use><\/svg><\/em> \u00c0rd-sgoil Bhaile Iain\n<img src=\"https:\/\/feisphaislig.com\/wp-content\/uploads\/2025\/04\/feis_phaislig-54-1-2.png\" title=\"feis_phaislig-54 (1) 2\" alt=\"feis_phaislig-54 (1) 2\" srcset=\"https:\/\/feisphaislig.com\/wp-content\/uploads\/2025\/04\/feis_phaislig-54-1-2.png 4415w, https:\/\/feisphaislig.com\/wp-content\/uploads\/2025\/04\/feis_phaislig-54-1-2-300x98.png 300w, https:\/\/feisphaislig.com\/wp-content\/uploads\/2025\/04\/feis_phaislig-54-1-2-1024x333.png 1024w, https:\/\/feisphaislig.com\/wp-content\/uploads\/2025\/04\/feis_phaislig-54-1-2-768x250.png 768w, https:\/\/feisphaislig.com\/wp-content\/uploads\/2025\/04\/feis_phaislig-54-1-2-1536x500.png 1536w, https:\/\/feisphaislig.com\/wp-content\/uploads\/2025\/04\/feis_phaislig-54-1-2-2048x666.png 2048w\" sizes=\"(max-width: 4415px) 100vw, 4415px\" \/>\n<a href=\"https:\/\/feisphaislig.com\/feis-bheag\/\"> <img src=\"https:\/\/feisphaislig.com\/wp-content\/uploads\/2025\/04\/feis_phaislig-180.jpeg\" title=\"feis_phaislig-180\" alt=\"feis_phaislig-180\" srcset=\"https:\/\/feisphaislig.com\/wp-content\/uploads\/2025\/04\/feis_phaislig-180.jpeg 1280w, https:\/\/feisphaislig.com\/wp-content\/uploads\/2025\/04\/feis_phaislig-180-300x200.jpeg 300w, https:\/\/feisphaislig.com\/wp-content\/uploads\/2025\/04\/feis_phaislig-180-1024x682.jpeg 1024w, https:\/\/feisphaislig.com\/wp-content\/uploads\/2025\/04\/feis_phaislig-180-768x511.jpeg 768w\" sizes=\"(max-width: 1280px) 100vw, 1280px\" \/> <\/a>\n<h1 style=\"text-align: center\"><strong>An Fh\u00e8is Bheag<\/strong><\/h1> <p style=\"text-align: center\"><strong>Sgoilearan P1-P3<\/strong><\/p> <p style=\"text-align: center\">Ciad bhlasad de che\u00f2l tradaiseanta is \u00f2rain Gh\u00e0idhlig.<\/p>\n<a href=\"https:\/\/feisphaislig.com\/feis-bheag\/\" > Barrachd fiosrachaidh <\/a>\n<a href=\"https:\/\/feisphaislig.com\/main-feis-week\/\"> <img src=\"https:\/\/feisphaislig.com\/wp-content\/uploads\/2025\/04\/feis_phaislig-124.jpeg\" title=\"feis_phaislig-124\" alt=\"feis_phaislig-124\" srcset=\"https:\/\/feisphaislig.com\/wp-content\/uploads\/2025\/04\/feis_phaislig-124.jpeg 1280w, https:\/\/feisphaislig.com\/wp-content\/uploads\/2025\/04\/feis_phaislig-124-300x200.jpeg 300w, https:\/\/feisphaislig.com\/wp-content\/uploads\/2025\/04\/feis_phaislig-124-1024x682.jpeg 1024w, https:\/\/feisphaislig.com\/wp-content\/uploads\/2025\/04\/feis_phaislig-124-768x511.jpeg 768w\" sizes=\"(max-width: 1280px) 100vw, 1280px\" \/> <\/a>\n<h1 style=\"text-align: center\"><strong>A\u2019 Phr\u00ecomh Fh\u00e8is<\/strong><\/h1> <p style=\"text-align: center\"><strong>Sgoilearan P4-S6<\/strong><\/p> <p style=\"text-align: center\">B\u00f9than-obrach \u201cTiugainn is feuch\u201d le ce\u00f2l, \u00f2rain, dannsa \u2019s m\u00f2ran a bharrachd\u2026<\/p>\n<a href=\"https:\/\/feisphaislig.com\/main-feis-week\/\" > Barrachd fiosrachaidh <\/a>\n<a href=\"https:\/\/feisphaislig.com\/advanced-feis-week\/\"> <img src=\"https:\/\/feisphaislig.com\/wp-content\/uploads\/2025\/04\/feis_phaislig-192.jpeg\" title=\"feis_phaislig-192\" alt=\"feis_phaislig-192\" srcset=\"https:\/\/feisphaislig.com\/wp-content\/uploads\/2025\/04\/feis_phaislig-192.jpeg 1280w, https:\/\/feisphaislig.com\/wp-content\/uploads\/2025\/04\/feis_phaislig-192-300x200.jpeg 300w, https:\/\/feisphaislig.com\/wp-content\/uploads\/2025\/04\/feis_phaislig-192-1024x682.jpeg 1024w, https:\/\/feisphaislig.com\/wp-content\/uploads\/2025\/04\/feis_phaislig-192-768x511.jpeg 768w\" sizes=\"(max-width: 1280px) 100vw, 1280px\" \/> <\/a>\n<h1 style=\"text-align: center\"><strong>An Fh\u00e8is Adhartach<\/strong><\/h1> <p style=\"text-align: center\"><strong>Sgoilearan S1-S6<\/strong><\/p> <p style=\"text-align: center\">Sreath de bh\u00f9than-obrach leasachail do sgoilearan san \u00e0rd-sgoil.<\/p>\n<a href=\"https:\/\/feisphaislig.com\/advanced-feis-week\/\" > Barrachd fiosrachaidh <\/a>\n<img src=\"https:\/\/feisphaislig.com\/wp-content\/uploads\/2025\/02\/Treble-1.png\" title=\"Treble\" alt=\"Treble\" srcset=\"https:\/\/feisphaislig.com\/wp-content\/uploads\/2025\/02\/Treble-1.png 355w, https:\/\/feisphaislig.com\/wp-content\/uploads\/2025\/02\/Treble-1-135x300.png 135w\" sizes=\"(max-width: 355px) 100vw, 355px\" \/>\n<h3><strong>Thig c\u00f2mhla rinn<\/strong><\/h3>\n<p>A bheil thu airson a bhith nad ph\u00e0irt dhen choimhearsnachd againn? <a href=\"https:\/\/feisphaislig.com\/gd\/cur-fios-gu\/\">Cuir fios thugainn<\/a> gus barrachd ionnsachadh mu na pr\u00f2iseactan againn, cl\u00e0raich airson <a href=\"https:\/\/feisphaislig.us10.list-manage.com\/subscribe?u=279bc01d988c8a72b8ac6f203&amp;id=98166c58b3&amp;utm_content=buffer3ac7e&amp;utm_medium=social&amp;utm_source=facebook.com&amp;utm_campaign=buffer\">an litir-naidheachd againn<\/a>, no lean sinn air na <a href=\"https:\/\/www.instagram.com\/feisphaislig\">meadhanan s\u00f2isealta<\/a> airson fuireach air an fhiosrachadh as \u00f9ire!<\/p>\n<ul><li><a href=\"https:\/\/www.facebook.com\/feisphaislig\">Facebook<\/a><\/li><li><a href=\"https:\/\/www.instagram.com\/feisphaislig\/\">Instagram<\/a><\/li><li><a href=\"https:\/\/x.com\/feisphaislig\">X<\/a><\/li><li><a href=\"https:\/\/www.youtube.com\/channel\/UChUB6zbAqhn7_of9YN8tvSg\">Youtube<\/a><\/li><li><a href=\"mailto:info@feisphaislig.com\">Email<\/a><\/li><li><a href=\"https:\/\/feisphaislig.bandcamp.com\">Bandcamp<\/a><\/li><\/ul>","_links":{"self":[{"href":"https:\/\/feisphaislig.com\/gd\/wp-json\/wp\/v2\/pages\/13848","targetHints":{"allow":["GET"]}}],"collection":[{"href":"https:\/\/feisphaislig.com\/gd\/wp-json\/wp\/v2\/pages"}],"about":[{"href":"https:\/\/feisphaislig.com\/gd\/wp-json\/wp\/v2\/types\/page"}],"author":[{"embeddable":true,"href":"https:\/\/feisphaislig.com\/gd\/wp-json\/wp\/v2\/users\/1"}],"replies":[{"embeddable":true,"href":"https:\/\/feisphaislig.com\/gd\/wp-json\/wp\/v2\/comments?post=13848"}],"version-history":[{"count":2,"href":"https:\/\/feisphaislig.com\/gd\/wp-json\/wp\/v2\/pages\/13848\/revisions"}],"predecessor-version":[{"id":13915,"href":"https:\/\/feisphaislig.com\/gd\/wp-json\/wp\/v2\/pages\/13848\/revisions\/13915"}],"wp:attachment":[{"href":"https:\/\/feisphaislig.com\/gd\/wp-json\/wp\/v2\/media?parent=13848"}],"curies":[{"name":"wp","href":"https:\/\/api.w.org\/{rel}","templated":true}]}}