{"id":6584,"date":"2016-07-16T17:22:29","date_gmt":"2016-07-16T17:22:29","guid":{"rendered":"http:\/\/feisphaislig.com\/?page_id=6584"},"modified":"2025-08-11T07:13:15","modified_gmt":"2025-08-11T07:13:15","slug":"instrument-hire","status":"publish","type":"page","link":"https:\/\/feisphaislig.com\/gd\/instrument-hire\/","title":{"rendered":"Instrument Hire"},"content":{"rendered":"<!--themify_builder_content-->\n<div id=\"themify_builder_content-6584\" data-postid=\"6584\" class=\"themify_builder_content themify_builder_content-6584 themify_builder tf_clear\">\n                    <div  data-lazy=\"1\" class=\"module_row themify_builder_row tb_oacy800 tb_first tf_w\">\n                        <div class=\"row_inner col_align_top tb_col_count_1 tf_box tf_rel\">\n                        <div  data-lazy=\"1\" class=\"module_column tb-column col-full tb_j38v500 first\">\n                    <!-- module text -->\n<div  class=\"module module-text tb_x81x080   \" data-lazy=\"1\">\n        <div  class=\"tb_text_wrap\">\n        <h2 style=\"text-align: left;\">Instrument Hire<\/h2>    <\/div>\n<\/div>\n<!-- \/module text --><!-- module text -->\n<div  class=\"module module-text tb_c5zw075   \" data-lazy=\"1\">\n        <div  class=\"tb_text_wrap\">\n        <p>F\u00e8is Ph\u00e0islig has a small supply of accordion, fiddles and guitars available to hire. Instruments cost \u00a322 per month to hire and payment will be due monthly in advance.\u00a0Instruments are provided on a first come, first served basis.<\/p>\n<p>1. The instrument will remain the property of F\u00e8is Ph\u00e0islig at all times, and is insured by F\u00e8isean nan G\u00e0idheal while in transit.\u00a0 Insurance of the instrument while at the hirer\u2019s address is the responsibility of the hirer, who must ensure adequate insurance is in place to cover damage or loss to the instrument.\u00a0 Such cover is normally available on normal home insurance contracts at no extra cost, but you should check with your insurer.<\/p>\n<p>2. The instrument must be maintained by the hirer, and returned in good condition to F\u00e8is Ph\u00e0islig.\u00a0 It will be the responsibility of the hirer to make good any damage sustained while in his\/her possession at his\/her cost. This instrument must not be passed on to anyone else while in your care.<\/p>\n<p>3. The instrument may be recalled at times of the year when F\u00e8isean take place, or at other times as required.\u00a0 In the event of the instrument being recalled for use by F\u00e8is Ph\u00e0islig, the associated week\u2019s payments will be waived for the period during which it is recalled.\u00a0 At all other times, the instrument will be available to the hirer until this agreement is terminated.<\/p>\n<p>4. The monthly fee is payable on collection of the instrument, and on the first day of each month thereafter, until the contract is terminated by either party. Payment should be made via standing order.<\/p>\n<p>5. F\u00e8is Ph\u00e0islig reserves the right to reclaim the instrument in the event of non-payment of the hire fee.<\/p>    <\/div>\n<\/div>\n<!-- \/module text -->        <\/div>\n                        <\/div>\n        <\/div>\n        <\/div>\n<!--\/themify_builder_content-->","protected":false},"excerpt":{"rendered":"<p>Instrument Hire F\u00e8is Ph\u00e0islig has a small supply of accordion, fiddles and guitars available to hire. Instruments cost \u00a322 per month to hire and payment will be due monthly in advance.\u00a0Instruments are provided on a first come, first served basis. 1. The instrument will remain the property of F\u00e8is Ph\u00e0islig at all times, and is [&hellip;]<\/p>\n","protected":false},"author":1,"featured_media":0,"parent":0,"menu_order":0,"comment_status":"closed","ping_status":"closed","template":"","meta":{"footnotes":""},"class_list":["post-6584","page","type-page","status-publish","hentry","has-post-title","has-post-date","has-post-category","has-post-tag","has-post-comment","has-post-author",""],"aioseo_notices":[],"builder_content":"<h2 style=\"text-align: left;\">Instrument Hire<\/h2>\n<p>F\u00e8is Ph\u00e0islig has a small supply of accordion, fiddles and guitars available to hire. Instruments cost \u00a322 per month to hire and payment will be due monthly in advance.\u00a0Instruments are provided on a first come, first served basis.<\/p> <p>1. The instrument will remain the property of F\u00e8is Ph\u00e0islig at all times, and is insured by F\u00e8isean nan G\u00e0idheal while in transit.\u00a0 Insurance of the instrument while at the hirer\u2019s address is the responsibility of the hirer, who must ensure adequate insurance is in place to cover damage or loss to the instrument.\u00a0 Such cover is normally available on normal home insurance contracts at no extra cost, but you should check with your insurer.<\/p> <p>2. The instrument must be maintained by the hirer, and returned in good condition to F\u00e8is Ph\u00e0islig.\u00a0 It will be the responsibility of the hirer to make good any damage sustained while in his\/her possession at his\/her cost. This instrument must not be passed on to anyone else while in your care.<\/p> <p>3. The instrument may be recalled at times of the year when F\u00e8isean take place, or at other times as required.\u00a0 In the event of the instrument being recalled for use by F\u00e8is Ph\u00e0islig, the associated week\u2019s payments will be waived for the period during which it is recalled.\u00a0 At all other times, the instrument will be available to the hirer until this agreement is terminated.<\/p> <p>4. The monthly fee is payable on collection of the instrument, and on the first day of each month thereafter, until the contract is terminated by either party. Payment should be made via standing order.<\/p> <p>5. F\u00e8is Ph\u00e0islig reserves the right to reclaim the instrument in the event of non-payment of the hire fee.<\/p>","_links":{"self":[{"href":"https:\/\/feisphaislig.com\/gd\/wp-json\/wp\/v2\/pages\/6584","targetHints":{"allow":["GET"]}}],"collection":[{"href":"https:\/\/feisphaislig.com\/gd\/wp-json\/wp\/v2\/pages"}],"about":[{"href":"https:\/\/feisphaislig.com\/gd\/wp-json\/wp\/v2\/types\/page"}],"author":[{"embeddable":true,"href":"https:\/\/feisphaislig.com\/gd\/wp-json\/wp\/v2\/users\/1"}],"replies":[{"embeddable":true,"href":"https:\/\/feisphaislig.com\/gd\/wp-json\/wp\/v2\/comments?post=6584"}],"version-history":[{"count":2,"href":"https:\/\/feisphaislig.com\/gd\/wp-json\/wp\/v2\/pages\/6584\/revisions"}],"predecessor-version":[{"id":14219,"href":"https:\/\/feisphaislig.com\/gd\/wp-json\/wp\/v2\/pages\/6584\/revisions\/14219"}],"wp:attachment":[{"href":"https:\/\/feisphaislig.com\/gd\/wp-json\/wp\/v2\/media?parent=6584"}],"curies":[{"name":"wp","href":"https:\/\/api.w.org\/{rel}","templated":true}]}}