{"id":9941,"date":"2022-03-23T17:18:10","date_gmt":"2022-03-23T17:18:10","guid":{"rendered":"https:\/\/feisphaislig.com\/feis-bheag-copy\/"},"modified":"2025-08-26T08:12:44","modified_gmt":"2025-08-26T08:12:44","slug":"weekly-feis-bheag","status":"publish","type":"page","link":"https:\/\/feisphaislig.com\/gd\/weekly-feis-bheag\/","title":{"rendered":"Weekly F\u00e8is Bheag"},"content":{"rendered":"<p><\/p>\n<!--themify_builder_content-->\n<div id=\"themify_builder_content-9941\" data-postid=\"9941\" class=\"themify_builder_content themify_builder_content-9941 themify_builder tf_clear\">\n                    <div  data-tablet_landscape-padding=\"2%,2%\" data-css_id=\"pfbo011\" data-lazy=\"1\" class=\"module_row themify_builder_row fullwidth_row_container tb_pfbo011 tb_first tf_w\">\n                        <div class=\"row_inner col_align_middle tb_col_count_2 tf_box tf_rel\">\n                        <div  data-lazy=\"1\" class=\"module_column tb-column col4-2 tb_t28b321 first\">\n                    <!-- module text -->\n<div  class=\"module module-text tb_tix9011   \" data-lazy=\"1\">\n        <div  class=\"tb_text_wrap\">\n        <h1 style=\"text-align: left;\">Weekly F\u00e8is Bheag&nbsp;<\/h1>    <\/div>\n<\/div>\n<!-- \/module text --><!-- module text -->\n<div  class=\"module module-text tb_2ulx668   \" data-lazy=\"1\">\n        <div  class=\"tb_text_wrap\">\n        <p style=\"text-align: left;\">An introduction to traditional music and Gaelic for 5-7 year olds.<\/p>    <\/div>\n<\/div>\n<!-- \/module text -->        <\/div>\n                    <div  data-lazy=\"1\" class=\"module_column tb-column col4-2 tb_2u1k47 last\">\n                    <!-- module video -->\n<div  class=\"module module-video tb_ufjx966 video-top  \" data-lazy=\"1\">\n                    <div class=\"video-wrap-outer\">\n            <div class=\"video-wrap tf_rel tf_overflow\">\n                                    <noscript><iframe data-no-script src=\"https:\/\/www.youtube.com\/embed\/gfPX2-Z4m_Y?pip=1&#038;playsinline=1&#038;feature=share\" allow=\"accelerometer;encrypted-media;gyroscope;picture-in-picture;fullscreen\" class=\"tf_abs tf_w tf_h\"><\/iframe><\/noscript>\n                                <\/div>\n            <!-- \/video-wrap -->\n        <\/div>\n        <!-- \/video-wrap-outer -->\n            <\/div>\n        <\/div>\n                        <\/div>\n        <\/div>\n                        <div  data-lazy=\"1\" class=\"module_row themify_builder_row tb_wn1f323 tf_w\">\n                        <div class=\"row_inner col_align_top tb_col_count_1 tf_box tf_rel\">\n                        <div  data-lazy=\"1\" class=\"module_column tb-column col-full tb_yqob310 first\">\n                    <!-- module text -->\n<div  class=\"module module-text tb_397m173   \" data-lazy=\"1\">\n        <div  class=\"tb_text_wrap\">\n        <p class=\"p1\"><span class=\"s1\"><b>Registration Now Open:<\/b><\/span> Applications for new participants are now being accepted \u2013 <a href=\"https:\/\/feisphaislig.com\/weekly-lessons-registration\/\">register here.<\/a><\/p>    <\/div>\n<\/div>\n<!-- \/module text --><!-- module text -->\n<div  class=\"module module-text tb_lehs350   \" data-lazy=\"1\">\n        <div  class=\"tb_text_wrap\">\n        <p><span style=\"font-size: 1em;\">Our weekly F\u00e8is Bheag (Wee F\u00e8is) sessions gives pupils in P1-P4 an introduction to the F\u00e8is and traditional music. Participants will experience different elements of our main F\u00e8is classes, giving them a fun and engaging taste of traditional music, song, dance and art. They will also have the opportunity to be part of our showcase concerts, learning a F\u00e8is song and \/ or preparing a short performance.<\/span><\/p>\n<div>Sessions take place on Saturday mornings during term-time at West Primary School, Paisley. Sessions last for approx. 50 minutes and run on the hour from 10am-1pm as follows:<\/div>\n<div>\u00a0<\/div>\n<div>\n<ul>\n<li><span style=\"font-size: 1em;\"><strong>Session 1 &#8211; 10.00-10.50 (English with Gaelic &#8211; open to all)<\/strong><\/span><\/li>\n<li><strong><span style=\"font-size: 1em;\">Session 2 &#8211; 11.00-11.50 (Gaelic-medium)<\/span><\/strong><\/li>\n<li><strong><span style=\"font-size: 1em;\">Session 3 &#8211; 12.00-12.50\u00a0<\/span><\/strong><strong>(Gaelic-medium)<\/strong><\/li>\n<li><strong><span style=\"font-size: 1em;\">Session 4 &#8211; 13.00-13.50\u00a0<\/span><\/strong><strong>(Gaelic-medium)<\/strong><\/li>\n<\/ul>\n<\/div>\n<div>Sessions\u00a0are offered in\u00a0<em>either<\/em> Gaelic or English. For pupils in English-medium education, sessions will be delivered in English with elements of Gaelic. For those in Gaelic-medium education, sessions will be delivered in Gaelic.<\/div>\n<div>\u00a0<\/div>\n<div class=\"text-box\">All of our tutors are experienced, professional musicians, skilled in working with young people. Young people are supervised at all times and we work in accordance with Child Protection and Health &amp; Safety Guidelines. Our staff are all members of the <a href=\"https:\/\/www.mygov.scot\/pvg-scheme\" target=\"_blank\" rel=\"noopener\">Protecting Vulnerable Groups Scheme<\/a> administered by Disclosure Scotland.<\/div>\n<div>\u00a0<\/div>\n<div><strong>Places are limited and offered on a first-come-first-served basis. Please complete the application below as soon as possible to avoid disappointment.<\/strong><\/div>\n<div>\u00a0<\/div>    <\/div>\n<\/div>\n<!-- \/module text -->        <\/div>\n                        <\/div>\n        <\/div>\n                        <div  data-lazy=\"1\" class=\"module_row themify_builder_row tb_l5vq013 tf_w\">\n                        <div class=\"row_inner col_align_top tb_col_count_1 tf_box tf_rel\">\n                        <div  data-lazy=\"1\" class=\"module_column tb-column col-full tb_5868000 first\">\n                            <div  data-lazy=\"1\" class=\"module_subrow themify_builder_sub_row tf_w col_align_top tb_col_count_1 tb_iom3060\">\n                <div  data-lazy=\"1\" class=\"module_column sub_column col-full tb_94kv433 first\">\n                    <!-- module text -->\n<div  class=\"module module-text tb_oqx3855   \" data-lazy=\"1\">\n        <div  class=\"tb_text_wrap\">\n        <h3 style=\"text-align: left;\"><span style=\"color: #ffffff;\">Cost<\/span><\/h3>\n<p><strong>Price per lesson = \u00a38<\/strong><\/p>\n<p><strong>We work hard to keep access open to all young people and are fortunate to secure public funding to support our events. Places at our events are subsidised wherever possible with the true cost of each place being much higher.<\/strong><\/p>\n<p><strong>Full payment for each term is payable in advance and is made through our website.\u00a0<\/strong><\/p>\n<p><em><strong>We have a limited number of fully funded places at our events for pupils eligible for a clothing grant (proof of confirmation required).\u00a0<\/strong><\/em><\/p>    <\/div>\n<\/div>\n<!-- \/module text --><!-- module gallery -->\n<div  class=\"module gallery module-gallery tb_0dkl779 layout-grid  \" data-lazy=\"1\">\n    <div class=\"module-gallery-grid\" style=\"--gald:4;--galt:4;--galm:4\">\n            <dl class=\"gallery-item\">\n            <dt class=\"gallery-icon\">\n            <a data-title=\"\" title=\"\" href=\"https:\/\/feisphaislig.com\/wp-content\/uploads\/2025\/08\/Feis_Phaislig_1JS8163_JS.png\" data-rel=\"tb_0dkl779\" class=\"themify_lightbox\"><img loading=\"lazy\" decoding=\"async\" src=\"https:\/\/feisphaislig.com\/wp-content\/uploads\/2025\/08\/Feis_Phaislig_1JS8163_JS-1024x683-300x250.png\" width=\"300\" height=\"250\" class=\"wp-post-image wp-image-14087\" title=\"Feis_Phaislig_1JS8163_JS\" alt=\"Feis_Phaislig_1JS8163_JS\"><\/a>            <\/dt>\n                    <\/dl>\n            <dl class=\"gallery-item\">\n            <dt class=\"gallery-icon\">\n            <a data-title=\"\" title=\"\" href=\"https:\/\/feisphaislig.com\/wp-content\/uploads\/2025\/08\/Feis_Phaislig_2JS6315_JS.png\" data-rel=\"tb_0dkl779\" class=\"themify_lightbox\"><img loading=\"lazy\" decoding=\"async\" src=\"https:\/\/feisphaislig.com\/wp-content\/uploads\/2025\/08\/Feis_Phaislig_2JS6315_JS-1024x683-300x250.png\" width=\"300\" height=\"250\" class=\"wp-post-image wp-image-14083\" title=\"Feis_Phaislig_2JS6315_JS\" alt=\"Feis_Phaislig_2JS6315_JS\"><\/a>            <\/dt>\n                    <\/dl>\n            <dl class=\"gallery-item\">\n            <dt class=\"gallery-icon\">\n            <a data-title=\"\" title=\"\" href=\"https:\/\/feisphaislig.com\/wp-content\/uploads\/2025\/08\/Feis_Phaislig_2JS6329_JS.png\" data-rel=\"tb_0dkl779\" class=\"themify_lightbox\"><img loading=\"lazy\" decoding=\"async\" src=\"https:\/\/feisphaislig.com\/wp-content\/uploads\/2025\/08\/Feis_Phaislig_2JS6329_JS-1024x683-300x250.png\" width=\"300\" height=\"250\" class=\"wp-post-image wp-image-14085\" title=\"Feis_Phaislig_2JS6329_JS\" alt=\"Feis_Phaislig_2JS6329_JS\"><\/a>            <\/dt>\n                    <\/dl>\n            <dl class=\"gallery-item\">\n            <dt class=\"gallery-icon\">\n            <a data-title=\"\" title=\"\" href=\"https:\/\/feisphaislig.com\/wp-content\/uploads\/2025\/08\/Feis_Phaislig_2JS6089_JS.png\" data-rel=\"tb_0dkl779\" class=\"themify_lightbox\"><img loading=\"lazy\" decoding=\"async\" src=\"https:\/\/feisphaislig.com\/wp-content\/uploads\/2025\/08\/Feis_Phaislig_2JS6089_JS-1024x683-300x250.png\" width=\"300\" height=\"250\" class=\"wp-post-image wp-image-14091\" title=\"Feis_Phaislig_2JS6089_JS\" alt=\"Feis_Phaislig_2JS6089_JS\"><\/a>            <\/dt>\n                    <\/dl>\n            <dl class=\"gallery-item\">\n            <dt class=\"gallery-icon\">\n            <a data-title=\"\" title=\"\" href=\"https:\/\/feisphaislig.com\/wp-content\/uploads\/2025\/08\/Feis_Phaislig_1JS8004_JS.png\" data-rel=\"tb_0dkl779\" class=\"themify_lightbox\"><img loading=\"lazy\" decoding=\"async\" src=\"https:\/\/feisphaislig.com\/wp-content\/uploads\/2025\/08\/Feis_Phaislig_1JS8004_JS-1024x683-300x250.png\" width=\"300\" height=\"250\" class=\"wp-post-image wp-image-14093\" title=\"Feis_Phaislig_1JS8004_JS\" alt=\"Feis_Phaislig_1JS8004_JS\"><\/a>            <\/dt>\n                    <\/dl>\n            <dl class=\"gallery-item\">\n            <dt class=\"gallery-icon\">\n            <a data-title=\"\" title=\"\" href=\"https:\/\/feisphaislig.com\/wp-content\/uploads\/2025\/08\/Feis_Phaislig_2JS6066_JS.png\" data-rel=\"tb_0dkl779\" class=\"themify_lightbox\"><img loading=\"lazy\" decoding=\"async\" src=\"https:\/\/feisphaislig.com\/wp-content\/uploads\/2025\/08\/Feis_Phaislig_2JS6066_JS-1024x683-300x250.png\" width=\"300\" height=\"250\" class=\"wp-post-image wp-image-14095\" title=\"Feis_Phaislig_2JS6066_JS\" alt=\"Feis_Phaislig_2JS6066_JS\"><\/a>            <\/dt>\n                    <\/dl>\n            <dl class=\"gallery-item\">\n            <dt class=\"gallery-icon\">\n            <a data-title=\"\" title=\"\" href=\"https:\/\/feisphaislig.com\/wp-content\/uploads\/2025\/08\/Feis_Phaislig_2JS6061_JS.png\" data-rel=\"tb_0dkl779\" class=\"themify_lightbox\"><img loading=\"lazy\" decoding=\"async\" src=\"https:\/\/feisphaislig.com\/wp-content\/uploads\/2025\/08\/Feis_Phaislig_2JS6061_JS-1024x683-300x250.png\" width=\"300\" height=\"250\" class=\"wp-post-image wp-image-14097\" title=\"Feis_Phaislig_2JS6061_JS\" alt=\"Feis_Phaislig_2JS6061_JS\"><\/a>            <\/dt>\n                    <\/dl>\n            <dl class=\"gallery-item\">\n            <dt class=\"gallery-icon\">\n            <a data-title=\"\" title=\"\" href=\"https:\/\/feisphaislig.com\/wp-content\/uploads\/2025\/08\/Feis_Phaislig_1JS8108_JS.png\" data-rel=\"tb_0dkl779\" class=\"themify_lightbox\"><img loading=\"lazy\" decoding=\"async\" src=\"https:\/\/feisphaislig.com\/wp-content\/uploads\/2025\/08\/Feis_Phaislig_1JS8108_JS-1024x683-300x250.png\" width=\"300\" height=\"250\" class=\"wp-post-image wp-image-14089\" title=\"Feis_Phaislig_1JS8108_JS\" alt=\"Feis_Phaislig_1JS8108_JS\"><\/a>            <\/dt>\n                    <\/dl>\n    <\/div>\n<\/div>\n<!-- \/module gallery -->        <\/div>\n                    <\/div>\n                <\/div>\n                        <\/div>\n        <\/div>\n                        <div  data-anchor=\"apply\" data-lazy=\"1\" class=\"module_row themify_builder_row tb_has_section tb_section-apply tb_kt8n754 tf_w\">\n                        <div class=\"row_inner col_align_top tb_col_count_1 tf_box tf_rel\">\n                        <div  data-lazy=\"1\" class=\"module_column tb-column col-full tb_wi9p755 first\">\n                            <div  data-lazy=\"1\" class=\"module_subrow themify_builder_sub_row tf_w col_align_top tb_col_count_1 tb_h429755\">\n                <div  data-lazy=\"1\" class=\"module_column sub_column col-full tb_jwcb756 first\">\n                    <!-- module text -->\n<div  class=\"module module-text tb_wjim900   \" data-lazy=\"1\">\n        <div  class=\"tb_text_wrap\">\n        <h3 style=\"text-align: left;\">Registration<\/h3>    <\/div>\n<\/div>\n<!-- \/module text --><!-- module buttons -->\n<div  class=\"module module-buttons tb_em3h9 buttons-horizontal solid   circle buttons-fullwidth\" data-lazy=\"1\">\n        <div class=\"module-buttons-item tf_in_flx\">\n                        <a href=\"https:\/\/feisphaislig.com\/weekly-lessons-registration\/\" class=\"ui builder_button tf_in_flx transparent\" >\n                                    <em><svg  class=\"tf_fa tf-ti-arrow-circle-right\" xmlns:xlink=\"http:\/\/www.w3.org\/1999\/xlink\" aria-hidden=\"true\"><use href=\"#tf-ti-arrow-circle-right\" xlink:href=\"#tf-ti-arrow-circle-right\"><\/use><\/svg><\/em>                                        Register Now (for September 2025 start)                                        <\/a>\n                <\/div>\n            <\/div>\n<!-- \/module buttons -->\n        <\/div>\n                    <\/div>\n                <\/div>\n                        <\/div>\n        <\/div>\n                        <div  data-css_id=\"4oek965\" data-lazy=\"1\" class=\"module_row themify_builder_row fullwidth_row_container tb_4oek965 tf_w\">\n                        <div class=\"row_inner col_align_middle tb_col_count_2 tf_box tf_rel\">\n                        <div  data-lazy=\"1\" class=\"module_column tb-column col4-2 tb_7j7p965 first\">\n                    <!-- module image -->\n<div  class=\"module module-image tb_5qwh965 image-top   tf_mw hide-mobile\" data-lazy=\"1\">\n        <div class=\"image-wrap tf_rel tf_mw\">\n            <img loading=\"lazy\" decoding=\"async\" width=\"355\" height=\"789\" src=\"https:\/\/feisphaislig.com\/wp-content\/uploads\/2025\/02\/Treble-1.png\" class=\"wp-post-image wp-image-12693\" title=\"Treble\" alt=\"Treble\" srcset=\"https:\/\/feisphaislig.com\/wp-content\/uploads\/2025\/02\/Treble-1.png 355w, https:\/\/feisphaislig.com\/wp-content\/uploads\/2025\/02\/Treble-1-135x300.png 135w\" sizes=\"auto, (max-width: 355px) 100vw, 355px\" \/>    \n        <\/div>\n    <!-- \/image-wrap -->\n    \n        <\/div>\n<!-- \/module image -->        <\/div>\n                    <div  data-lazy=\"1\" class=\"module_column tb-column col4-2 tb_lgvr965 last\">\n                    <!-- module text -->\n<div  class=\"module module-text tb_3k90965   \" data-lazy=\"1\">\n        <div  class=\"tb_text_wrap\">\n        <h3><strong>Join Our Community<\/strong><\/h3>    <\/div>\n<\/div>\n<!-- \/module text --><!-- module text -->\n<div  class=\"module module-text tb_yqhx965   \" data-lazy=\"1\">\n        <div  class=\"tb_text_wrap\">\n        <p>Want to be part of our community? <a href=\"https:\/\/feisphaislig.com\/contact\/\">Get in touch<\/a> to find out more about our projects, sign up for our <a href=\"https:\/\/feisphaislig.us10.list-manage.com\/subscribe?u=279bc01d988c8a72b8ac6f203&amp;id=98166c58b3&amp;utm_content=buffer3ac7e&amp;utm_medium=social&amp;utm_source=facebook.com&amp;utm_campaign=buffer\">newsletter<\/a>, or follow us on <a href=\"https:\/\/www.instagram.com\/feisphaislig\">social media<\/a> to stay updated!<\/p>    <\/div>\n<\/div>\n<!-- \/module text --><!-- module widget -->\n<div  class=\"module module-widget tb_qfw7965  \" data-lazy=\"1\">\n    <div class=\"widget themify-social-links\"><ul class=\"social-links horizontal\">\n                        <li class=\"social-link-item facebook font-icon icon-medium\">\n                            <a href=\"https:\/\/www.facebook.com\/feisphaislig\" aria-label=\"facebook\" target=\"_blank\" rel=\"noopener\"><em><svg  aria-label=\"Facebook\" class=\"tf_fa tf-ti-facebook\" xmlns:xlink=\"http:\/\/www.w3.org\/1999\/xlink\" role=\"img\"><use href=\"#tf-ti-facebook\" xlink:href=\"#tf-ti-facebook\"><\/use><\/svg><\/em>  <\/a>\n                        <\/li>\n                        <!-- \/themify-link-item -->\n                        <li class=\"social-link-item instagram font-icon icon-medium\">\n                            <a href=\"https:\/\/www.instagram.com\/feisphaislig\/\" aria-label=\"instagram\" target=\"_blank\" rel=\"noopener\"><em><svg  aria-label=\"Instagram\" class=\"tf_fa tf-fab-instagram\" xmlns:xlink=\"http:\/\/www.w3.org\/1999\/xlink\" role=\"img\"><use href=\"#tf-fab-instagram\" xlink:href=\"#tf-fab-instagram\"><\/use><\/svg><\/em>  <\/a>\n                        <\/li>\n                        <!-- \/themify-link-item -->\n                        <li class=\"social-link-item x font-icon icon-medium\">\n                            <a href=\"https:\/\/x.com\/feisphaislig\" aria-label=\"x\" target=\"_blank\" rel=\"noopener\"><em><svg  aria-label=\"X\" class=\"tf_fa tf-fab-x-twitter\" xmlns:xlink=\"http:\/\/www.w3.org\/1999\/xlink\" role=\"img\"><use href=\"#tf-fab-x-twitter\" xlink:href=\"#tf-fab-x-twitter\"><\/use><\/svg><\/em>  <\/a>\n                        <\/li>\n                        <!-- \/themify-link-item -->\n                        <li class=\"social-link-item youtube font-icon icon-medium\">\n                            <a href=\"https:\/\/www.youtube.com\/channel\/UChUB6zbAqhn7_of9YN8tvSg\" aria-label=\"youtube\" target=\"_blank\" rel=\"noopener\"><em><svg  aria-label=\"Youtube\" class=\"tf_fa tf-ti-youtube\" xmlns:xlink=\"http:\/\/www.w3.org\/1999\/xlink\" role=\"img\"><use href=\"#tf-ti-youtube\" xlink:href=\"#tf-ti-youtube\"><\/use><\/svg><\/em>  <\/a>\n                        <\/li>\n                        <!-- \/themify-link-item -->\n                        <li class=\"social-link-item email font-icon icon-medium\">\n                            <a href=\"mailto:info@feisphaislig.com\" aria-label=\"email\" target=\"_blank\" rel=\"noopener\"><em><svg  aria-label=\"Email\" class=\"tf_fa tf-fas-envelope\" xmlns:xlink=\"http:\/\/www.w3.org\/1999\/xlink\" role=\"img\"><use href=\"#tf-fas-envelope\" xlink:href=\"#tf-fas-envelope\"><\/use><\/svg><\/em>  <\/a>\n                        <\/li>\n                        <!-- \/themify-link-item -->\n                        <li class=\"social-link-item bandcamp font-icon icon-medium\">\n                            <a href=\"https:\/\/feisphaislig.bandcamp.com\" aria-label=\"bandcamp\" target=\"_blank\" rel=\"noopener\"><em><svg  aria-label=\"Bandcamp\" class=\"tf_fa tf-fas-music\" xmlns:xlink=\"http:\/\/www.w3.org\/1999\/xlink\" role=\"img\"><use href=\"#tf-fas-music\" xlink:href=\"#tf-fas-music\"><\/use><\/svg><\/em>  <\/a>\n                        <\/li>\n                        <!-- \/themify-link-item --><\/ul><\/div><\/div>\n<!-- \/module widget -->\n        <\/div>\n                        <\/div>\n        <\/div>\n        <\/div>\n<!--\/themify_builder_content-->","protected":false},"excerpt":{"rendered":"<p>Weekly F\u00e8is Bheag&nbsp; An introduction to traditional music and Gaelic for 5-7 year olds. Registration Now Open: Applications for new participants are now being accepted \u2013 register here. Our weekly F\u00e8is Bheag (Wee F\u00e8is) sessions gives pupils in P1-P4 an introduction to the F\u00e8is and traditional music. Participants will experience different elements of our main [&hellip;]<\/p>\n","protected":false},"author":1,"featured_media":0,"parent":0,"menu_order":0,"comment_status":"closed","ping_status":"closed","template":"","meta":{"footnotes":""},"class_list":["post-9941","page","type-page","status-publish","hentry","has-post-title","has-post-date","has-post-category","has-post-tag","has-post-comment","has-post-author",""],"aioseo_notices":[],"builder_content":"<h1 style=\"text-align: left;\">Weekly F\u00e8is Bheag&nbsp;<\/h1>\n<p style=\"text-align: left;\">An introduction to traditional music and Gaelic for 5-7 year olds.<\/p>\n[embed]https:\/\/youtube.com\/shorts\/gfPX2-Z4m_Y?feature=share[\/embed]\n<p><b>Registration Now Open:<\/b> Applications for new participants are now being accepted \u2013 <a href=\"https:\/\/feisphaislig.com\/weekly-lessons-registration\/\">register here.<\/a><\/p>\n<p>Our weekly F\u00e8is Bheag (Wee F\u00e8is) sessions gives pupils in P1-P4 an introduction to the F\u00e8is and traditional music. Participants will experience different elements of our main F\u00e8is classes, giving them a fun and engaging taste of traditional music, song, dance and art. They will also have the opportunity to be part of our showcase concerts, learning a F\u00e8is song and \/ or preparing a short performance.<\/p> Sessions take place on Saturday mornings during term-time at West Primary School, Paisley. Sessions last for approx. 50 minutes and run on the hour from 10am-1pm as follows: \u00a0\n<ul> <li><strong>Session 1 - 10.00-10.50 (English with Gaelic - open to all)<\/strong><\/li> <li><strong>Session 2 - 11.00-11.50 (Gaelic-medium)<\/strong><\/li> <li><strong>Session 3 - 12.00-12.50\u00a0<\/strong><strong>(Gaelic-medium)<\/strong><\/li> <li><strong>Session 4 - 13.00-13.50\u00a0<\/strong><strong>(Gaelic-medium)<\/strong><\/li> <\/ul>\nSessions\u00a0are offered in\u00a0<em>either<\/em> Gaelic or English. For pupils in English-medium education, sessions will be delivered in English with elements of Gaelic. For those in Gaelic-medium education, sessions will be delivered in Gaelic. \u00a0 All of our tutors are experienced, professional musicians, skilled in working with young people. Young people are supervised at all times and we work in accordance with Child Protection and Health &amp; Safety Guidelines. Our staff are all members of the <a href=\"https:\/\/www.mygov.scot\/pvg-scheme\" target=\"_blank\" rel=\"noopener\">Protecting Vulnerable Groups Scheme<\/a> administered by Disclosure Scotland. \u00a0 <strong>Places are limited and offered on a first-come-first-served basis. Please complete the application below as soon as possible to avoid disappointment.<\/strong> \u00a0\n<h3 style=\"text-align: left;\">Cost<\/h3> <p><strong>Price per lesson = \u00a38<\/strong><\/p> <p><strong>We work hard to keep access open to all young people and are fortunate to secure public funding to support our events. Places at our events are subsidised wherever possible with the true cost of each place being much higher.<\/strong><\/p> <p><strong>Full payment for each term is payable in advance and is made through our website.\u00a0<\/strong><\/p> <p><em><strong>We have a limited number of fully funded places at our events for pupils eligible for a clothing grant (proof of confirmation required).\u00a0<\/strong><\/em><\/p>\n[gallery columns=\"4\" link=\"none\" ids=\"14086,14082,14084,14090,14092,14094,14096,14088\"]\n<h3 style=\"text-align: left;\">Registration<\/h3>\n<a href=\"https:\/\/feisphaislig.com\/weekly-lessons-registration\/\" > <em><svg xmlns:xlink=\"http:\/\/www.w3.org\/1999\/xlink\" aria-hidden=\"true\"><use href=\"#tf-ti-arrow-circle-right\" xlink:href=\"#tf-ti-arrow-circle-right\"><\/use><\/svg><\/em> Register Now (for September 2025 start) <\/a>\n<img src=\"https:\/\/feisphaislig.com\/wp-content\/uploads\/2025\/02\/Treble-1.png\" title=\"Treble\" alt=\"Treble\" srcset=\"https:\/\/feisphaislig.com\/wp-content\/uploads\/2025\/02\/Treble-1.png 355w, https:\/\/feisphaislig.com\/wp-content\/uploads\/2025\/02\/Treble-1-135x300.png 135w\" sizes=\"(max-width: 355px) 100vw, 355px\" \/>\n<h3><strong>Join Our Community<\/strong><\/h3>\n<p>Want to be part of our community? <a href=\"https:\/\/feisphaislig.com\/contact\/\">Get in touch<\/a> to find out more about our projects, sign up for our <a href=\"https:\/\/feisphaislig.us10.list-manage.com\/subscribe?u=279bc01d988c8a72b8ac6f203&amp;id=98166c58b3&amp;utm_content=buffer3ac7e&amp;utm_medium=social&amp;utm_source=facebook.com&amp;utm_campaign=buffer\">newsletter<\/a>, or follow us on <a href=\"https:\/\/www.instagram.com\/feisphaislig\">social media<\/a> to stay updated!<\/p>\n<ul><li><a href=\"https:\/\/www.facebook.com\/feisphaislig\">Facebook<\/a><\/li><li><a href=\"https:\/\/www.instagram.com\/feisphaislig\/\">Instagram<\/a><\/li><li><a href=\"https:\/\/x.com\/feisphaislig\">X<\/a><\/li><li><a href=\"https:\/\/www.youtube.com\/channel\/UChUB6zbAqhn7_of9YN8tvSg\">Youtube<\/a><\/li><li><a href=\"mailto:info@feisphaislig.com\">Email<\/a><\/li><li><a href=\"https:\/\/feisphaislig.bandcamp.com\">Bandcamp<\/a><\/li><\/ul>","_links":{"self":[{"href":"https:\/\/feisphaislig.com\/gd\/wp-json\/wp\/v2\/pages\/9941","targetHints":{"allow":["GET"]}}],"collection":[{"href":"https:\/\/feisphaislig.com\/gd\/wp-json\/wp\/v2\/pages"}],"about":[{"href":"https:\/\/feisphaislig.com\/gd\/wp-json\/wp\/v2\/types\/page"}],"author":[{"embeddable":true,"href":"https:\/\/feisphaislig.com\/gd\/wp-json\/wp\/v2\/users\/1"}],"replies":[{"embeddable":true,"href":"https:\/\/feisphaislig.com\/gd\/wp-json\/wp\/v2\/comments?post=9941"}],"version-history":[{"count":45,"href":"https:\/\/feisphaislig.com\/gd\/wp-json\/wp\/v2\/pages\/9941\/revisions"}],"predecessor-version":[{"id":14264,"href":"https:\/\/feisphaislig.com\/gd\/wp-json\/wp\/v2\/pages\/9941\/revisions\/14264"}],"wp:attachment":[{"href":"https:\/\/feisphaislig.com\/gd\/wp-json\/wp\/v2\/media?parent=9941"}],"curies":[{"name":"wp","href":"https:\/\/api.w.org\/{rel}","templated":true}]}}